{"id":133,"date":"2017-07-20T21:41:31","date_gmt":"2017-07-20T19:41:31","guid":{"rendered":"http:\/\/www.chm.photo\/jazz\/?page_id=133"},"modified":"2017-07-20T21:55:16","modified_gmt":"2017-07-20T19:55:16","slug":"christophe-godin-et-olivier-roman-garcia","status":"publish","type":"page","link":"http:\/\/www.chm.photo\/jazz\/lac-in-blue-2017\/christophe-godin-et-olivier-roman-garcia\/","title":{"rendered":"Christophe Godin et Olivier-Roman Garcia"},"content":{"rendered":"<p>Agr\u00e9able concert vendredi 7 \u00e0 midi o\u00f9 Christophe Godin et Olivier-Roman Garcia nous interpr\u00e8tent, non sans un certain humour, leur r\u00e9pertoire que je qualifie, en ce qui me concerne, de \u00ab&nbsp;easy leasing&nbsp;\u00bb&nbsp;<\/p>\n<p>Un style que j\u2019aime beaucoup.<\/p>\n            \n\t\t<div class=\"ngg-gallery-singlepic-image \" style=\"\">\n\t\t\t    \t<a href=\"http:\/\/www.chm.photo\/jazz\/wp-content\/gallery\/lac-in-blue-2017-5\/CGORG-17-04-07-001.JPG\"\n\t\t     title=\"\"\n             data-src=\"http:\/\/www.chm.photo\/jazz\/wp-content\/gallery\/lac-in-blue-2017-5\/CGORG-17-04-07-001.JPG\"\n             data-thumbnail=\"http:\/\/www.chm.photo\/jazz\/wp-content\/gallery\/lac-in-blue-2017-5\/thumbs\/thumbs_CGORG-17-04-07-001.JPG\"\n             data-image-id=\"50\"\n             data-title=\"CGORG-17-04-07-001\"\n             data-description=\"\"\n             target='_self'\n             class=\"ngg-fancybox\" rel=\"3dd80dc811dbe50e41a6628d53593569\">\n            <img class=\"ngg-singlepic\"\n             src=\"http:\/\/www.chm.photo\/jazz\/wp-content\/gallery\/lac-in-blue-2017-5\/cache\/CGORG-17-04-07-001.JPG-nggid0250-ngg0dyn-0x0x100-00f0w010c010r110f110r010t010.JPG\"\n             alt=\"CGORG-17-04-07-001\"\n             title=\"CGORG-17-04-07-001\"\n                           \/>\n    \t<\/a>\n\t\t      <\/div>\n        \n            \n\t\t<div class=\"ngg-gallery-singlepic-image \" style=\"\">\n\t\t\t    \t<a href=\"http:\/\/www.chm.photo\/jazz\/wp-content\/gallery\/lac-in-blue-2017-5\/CGORG-17-04-07-002.JPG\"\n\t\t     title=\"\"\n             data-src=\"http:\/\/www.chm.photo\/jazz\/wp-content\/gallery\/lac-in-blue-2017-5\/CGORG-17-04-07-002.JPG\"\n             data-thumbnail=\"http:\/\/www.chm.photo\/jazz\/wp-content\/gallery\/lac-in-blue-2017-5\/thumbs\/thumbs_CGORG-17-04-07-002.JPG\"\n             data-image-id=\"51\"\n             data-title=\"CGORG-17-04-07-002\"\n             data-description=\"\"\n             target='_self'\n             class=\"ngg-fancybox\" rel=\"63616194a217c8c258321448b748d904\">\n            <img class=\"ngg-singlepic\"\n             src=\"http:\/\/www.chm.photo\/jazz\/wp-content\/gallery\/lac-in-blue-2017-5\/cache\/CGORG-17-04-07-002.JPG-nggid0251-ngg0dyn-0x0x100-00f0w010c010r110f110r010t010.JPG\"\n             alt=\"CGORG-17-04-07-002\"\n             title=\"CGORG-17-04-07-002\"\n                           \/>\n    \t<\/a>\n\t\t      <\/div>\n        \n            \n\t\t<div class=\"ngg-gallery-singlepic-image \" style=\"\">\n\t\t\t    \t<a href=\"http:\/\/www.chm.photo\/jazz\/wp-content\/gallery\/lac-in-blue-2017-5\/CGORG-17-04-07-003.JPG\"\n\t\t     title=\"\"\n             data-src=\"http:\/\/www.chm.photo\/jazz\/wp-content\/gallery\/lac-in-blue-2017-5\/CGORG-17-04-07-003.JPG\"\n             data-thumbnail=\"http:\/\/www.chm.photo\/jazz\/wp-content\/gallery\/lac-in-blue-2017-5\/thumbs\/thumbs_CGORG-17-04-07-003.JPG\"\n             data-image-id=\"52\"\n             data-title=\"CGORG-17-04-07-003\"\n             data-description=\"\"\n             target='_self'\n             class=\"ngg-fancybox\" rel=\"95f247b3d16387d9e360c0720d9149e6\">\n            <img class=\"ngg-singlepic\"\n             src=\"http:\/\/www.chm.photo\/jazz\/wp-content\/gallery\/lac-in-blue-2017-5\/cache\/CGORG-17-04-07-003.JPG-nggid0252-ngg0dyn-0x0x100-00f0w010c010r110f110r010t010.JPG\"\n             alt=\"CGORG-17-04-07-003\"\n             title=\"CGORG-17-04-07-003\"\n                           \/>\n    \t<\/a>\n\t\t      <\/div>\n        \n            \n\t\t<div class=\"ngg-gallery-singlepic-image \" style=\"\">\n\t\t\t    \t<a href=\"http:\/\/www.chm.photo\/jazz\/wp-content\/gallery\/lac-in-blue-2017-5\/CGORG-17-04-07-004.JPG\"\n\t\t     title=\"\"\n             data-src=\"http:\/\/www.chm.photo\/jazz\/wp-content\/gallery\/lac-in-blue-2017-5\/CGORG-17-04-07-004.JPG\"\n             data-thumbnail=\"http:\/\/www.chm.photo\/jazz\/wp-content\/gallery\/lac-in-blue-2017-5\/thumbs\/thumbs_CGORG-17-04-07-004.JPG\"\n             data-image-id=\"53\"\n             data-title=\"CGORG-17-04-07-004\"\n             data-description=\"\"\n             target='_self'\n             class=\"ngg-fancybox\" rel=\"1e95b547e5da5f0d1738739f952ea5af\">\n            <img class=\"ngg-singlepic\"\n             src=\"http:\/\/www.chm.photo\/jazz\/wp-content\/gallery\/lac-in-blue-2017-5\/cache\/CGORG-17-04-07-004.JPG-nggid0253-ngg0dyn-0x0x100-00f0w010c010r110f110r010t010.JPG\"\n             alt=\"CGORG-17-04-07-004\"\n             title=\"CGORG-17-04-07-004\"\n                           \/>\n    \t<\/a>\n\t\t      <\/div>\n        \n            \n\t\t<div class=\"ngg-gallery-singlepic-image \" style=\"\">\n\t\t\t    \t<a href=\"http:\/\/www.chm.photo\/jazz\/wp-content\/gallery\/lac-in-blue-2017-5\/CGORG-17-04-07-005.JPG\"\n\t\t     title=\"\"\n             data-src=\"http:\/\/www.chm.photo\/jazz\/wp-content\/gallery\/lac-in-blue-2017-5\/CGORG-17-04-07-005.JPG\"\n             data-thumbnail=\"http:\/\/www.chm.photo\/jazz\/wp-content\/gallery\/lac-in-blue-2017-5\/thumbs\/thumbs_CGORG-17-04-07-005.JPG\"\n             data-image-id=\"54\"\n             data-title=\"CGORG-17-04-07-005\"\n             data-description=\"\"\n             target='_self'\n             class=\"ngg-fancybox\" rel=\"83600394a7d2a623a0b5097cc50a6db3\">\n            <img class=\"ngg-singlepic\"\n             src=\"http:\/\/www.chm.photo\/jazz\/wp-content\/gallery\/lac-in-blue-2017-5\/cache\/CGORG-17-04-07-005.JPG-nggid0254-ngg0dyn-0x0x100-00f0w010c010r110f110r010t010.JPG\"\n             alt=\"CGORG-17-04-07-005\"\n             title=\"CGORG-17-04-07-005\"\n                           \/>\n    \t<\/a>\n\t\t      <\/div>\n        \n            \n\t\t<div class=\"ngg-gallery-singlepic-image \" style=\"\">\n\t\t\t    \t<a href=\"http:\/\/www.chm.photo\/jazz\/wp-content\/gallery\/lac-in-blue-2017-5\/CGORG-17-04-07-007.JPG\"\n\t\t     title=\"\"\n             data-src=\"http:\/\/www.chm.photo\/jazz\/wp-content\/gallery\/lac-in-blue-2017-5\/CGORG-17-04-07-007.JPG\"\n             data-thumbnail=\"http:\/\/www.chm.photo\/jazz\/wp-content\/gallery\/lac-in-blue-2017-5\/thumbs\/thumbs_CGORG-17-04-07-007.JPG\"\n             data-image-id=\"56\"\n             data-title=\"CGORG-17-04-07-007\"\n             data-description=\"\"\n             target='_self'\n             class=\"ngg-fancybox\" rel=\"89396d430f795efa8f845dae0295822e\">\n            <img class=\"ngg-singlepic\"\n             src=\"http:\/\/www.chm.photo\/jazz\/wp-content\/gallery\/lac-in-blue-2017-5\/cache\/CGORG-17-04-07-007.JPG-nggid0256-ngg0dyn-0x0x100-00f0w010c010r110f110r010t010.JPG\"\n             alt=\"CGORG-17-04-07-007\"\n             title=\"CGORG-17-04-07-007\"\n                           \/>\n    \t<\/a>\n\t\t      <\/div>\n        \n            \n\t\t<div class=\"ngg-gallery-singlepic-image \" style=\"\">\n\t\t\t    \t<a href=\"http:\/\/www.chm.photo\/jazz\/wp-content\/gallery\/lac-in-blue-2017-5\/CGORG-17-04-07-008.JPG\"\n\t\t     title=\"\"\n             data-src=\"http:\/\/www.chm.photo\/jazz\/wp-content\/gallery\/lac-in-blue-2017-5\/CGORG-17-04-07-008.JPG\"\n             data-thumbnail=\"http:\/\/www.chm.photo\/jazz\/wp-content\/gallery\/lac-in-blue-2017-5\/thumbs\/thumbs_CGORG-17-04-07-008.JPG\"\n             data-image-id=\"57\"\n             data-title=\"CGORG-17-04-07-008\"\n             data-description=\"\"\n             target='_self'\n             class=\"ngg-fancybox\" rel=\"fd64ff4703b47902ad0b5aa3a7f2b274\">\n            <img class=\"ngg-singlepic\"\n             src=\"http:\/\/www.chm.photo\/jazz\/wp-content\/gallery\/lac-in-blue-2017-5\/cache\/CGORG-17-04-07-008.JPG-nggid0257-ngg0dyn-0x0x100-00f0w010c010r110f110r010t010.JPG\"\n             alt=\"CGORG-17-04-07-008\"\n             title=\"CGORG-17-04-07-008\"\n                           \/>\n    \t<\/a>\n\t\t      <\/div>\n        \n            \n\t\t<div class=\"ngg-gallery-singlepic-image \" style=\"\">\n\t\t\t    \t<a href=\"http:\/\/www.chm.photo\/jazz\/wp-content\/gallery\/lac-in-blue-2017-5\/CGORG-17-04-07-009.JPG\"\n\t\t     title=\"\"\n             data-src=\"http:\/\/www.chm.photo\/jazz\/wp-content\/gallery\/lac-in-blue-2017-5\/CGORG-17-04-07-009.JPG\"\n             data-thumbnail=\"http:\/\/www.chm.photo\/jazz\/wp-content\/gallery\/lac-in-blue-2017-5\/thumbs\/thumbs_CGORG-17-04-07-009.JPG\"\n             data-image-id=\"58\"\n             data-title=\"CGORG-17-04-07-009\"\n             data-description=\"\"\n             target='_self'\n             class=\"ngg-fancybox\" rel=\"fd71ba1a466a17dd05a3d5a628bd7061\">\n            <img class=\"ngg-singlepic\"\n             src=\"http:\/\/www.chm.photo\/jazz\/wp-content\/gallery\/lac-in-blue-2017-5\/cache\/CGORG-17-04-07-009.JPG-nggid0258-ngg0dyn-0x0x100-00f0w010c010r110f110r010t010.JPG\"\n             alt=\"CGORG-17-04-07-009\"\n             title=\"CGORG-17-04-07-009\"\n                           \/>\n    \t<\/a>\n\t\t      <\/div>\n        \n            \n\t\t<div class=\"ngg-gallery-singlepic-image \" style=\"\">\n\t\t\t    \t<a href=\"http:\/\/www.chm.photo\/jazz\/wp-content\/gallery\/lac-in-blue-2017-5\/CGORG-17-04-07-010.JPG\"\n\t\t     title=\"\"\n             data-src=\"http:\/\/www.chm.photo\/jazz\/wp-content\/gallery\/lac-in-blue-2017-5\/CGORG-17-04-07-010.JPG\"\n             data-thumbnail=\"http:\/\/www.chm.photo\/jazz\/wp-content\/gallery\/lac-in-blue-2017-5\/thumbs\/thumbs_CGORG-17-04-07-010.JPG\"\n             data-image-id=\"59\"\n             data-title=\"CGORG-17-04-07-010\"\n             data-description=\"\"\n             target='_self'\n             class=\"ngg-fancybox\" rel=\"01e2795f66ce914fdfa82532b72fba60\">\n            <img class=\"ngg-singlepic\"\n             src=\"http:\/\/www.chm.photo\/jazz\/wp-content\/gallery\/lac-in-blue-2017-5\/cache\/CGORG-17-04-07-010.JPG-nggid0259-ngg0dyn-0x0x100-00f0w010c010r110f110r010t010.JPG\"\n             alt=\"CGORG-17-04-07-010\"\n             title=\"CGORG-17-04-07-010\"\n                           \/>\n    \t<\/a>\n\t\t      <\/div>\n        \n            \n\t\t<div class=\"ngg-gallery-singlepic-image \" style=\"\">\n\t\t\t    \t<a href=\"http:\/\/www.chm.photo\/jazz\/wp-content\/gallery\/lac-in-blue-2017-5\/CGORG-17-04-07-011.JPG\"\n\t\t     title=\"\"\n             data-src=\"http:\/\/www.chm.photo\/jazz\/wp-content\/gallery\/lac-in-blue-2017-5\/CGORG-17-04-07-011.JPG\"\n             data-thumbnail=\"http:\/\/www.chm.photo\/jazz\/wp-content\/gallery\/lac-in-blue-2017-5\/thumbs\/thumbs_CGORG-17-04-07-011.JPG\"\n             data-image-id=\"60\"\n             data-title=\"CGORG-17-04-07-011\"\n             data-description=\"\"\n             target='_self'\n             class=\"ngg-fancybox\" rel=\"8c65992bf458318da3f83a1582492df5\">\n            <img class=\"ngg-singlepic\"\n             src=\"http:\/\/www.chm.photo\/jazz\/wp-content\/gallery\/lac-in-blue-2017-5\/cache\/CGORG-17-04-07-011.JPG-nggid0260-ngg0dyn-0x0x100-00f0w010c010r110f110r010t010.JPG\"\n             alt=\"CGORG-17-04-07-011\"\n             title=\"CGORG-17-04-07-011\"\n                           \/>\n    \t<\/a>\n\t\t      <\/div>\n        \n<p>&nbsp;<\/p>\n","protected":false},"excerpt":{"rendered":"<p>Agr\u00e9able concert vendredi 7 \u00e0 midi o\u00f9 Christophe Godin et Olivier-Roman Garcia nous interpr\u00e8tent, non sans un certain humour, leur r\u00e9pertoire que je qualifie, en ce qui me concerne, de \u00ab&nbsp;easy leasing&nbsp;\u00bb&nbsp; Un style que j\u2019aime beaucoup. &nbsp;<\/p>\n","protected":false},"author":2,"featured_media":0,"parent":21,"menu_order":50,"comment_status":"closed","ping_status":"closed","template":"","meta":{"ngg_post_thumbnail":0},"_links":{"self":[{"href":"http:\/\/www.chm.photo\/jazz\/wp-json\/wp\/v2\/pages\/133"}],"collection":[{"href":"http:\/\/www.chm.photo\/jazz\/wp-json\/wp\/v2\/pages"}],"about":[{"href":"http:\/\/www.chm.photo\/jazz\/wp-json\/wp\/v2\/types\/page"}],"author":[{"embeddable":true,"href":"http:\/\/www.chm.photo\/jazz\/wp-json\/wp\/v2\/users\/2"}],"replies":[{"embeddable":true,"href":"http:\/\/www.chm.photo\/jazz\/wp-json\/wp\/v2\/comments?post=133"}],"version-history":[{"count":2,"href":"http:\/\/www.chm.photo\/jazz\/wp-json\/wp\/v2\/pages\/133\/revisions"}],"predecessor-version":[{"id":182,"href":"http:\/\/www.chm.photo\/jazz\/wp-json\/wp\/v2\/pages\/133\/revisions\/182"}],"up":[{"embeddable":true,"href":"http:\/\/www.chm.photo\/jazz\/wp-json\/wp\/v2\/pages\/21"}],"wp:attachment":[{"href":"http:\/\/www.chm.photo\/jazz\/wp-json\/wp\/v2\/media?parent=133"}],"curies":[{"name":"wp","href":"https:\/\/api.w.org\/{rel}","templated":true}]}}