{"id":1448,"date":"2019-08-29T19:34:04","date_gmt":"2019-08-29T17:34:04","guid":{"rendered":"http:\/\/www.chm.photo\/jazz\/?page_id=1448"},"modified":"2019-08-29T20:07:38","modified_gmt":"2019-08-29T18:07:38","slug":"hommage-a-count-basie","status":"publish","type":"page","link":"http:\/\/www.chm.photo\/jazz\/festival-de-clermont-2019\/hommage-a-count-basie\/","title":{"rendered":"Hommage \u00e0 Count BASIE"},"content":{"rendered":"\n<h3>Le 5tet du pianiste Raphael LEMONNIER rend hommage au swing et \u00e0 la musique de Count Basie avec la complicit\u00e9 de la nouvelle \u00e9toile du Jazz vocal Tricia EVY.<\/h3>\n\n\n            \n\t\t<div class=\"ngg-gallery-singlepic-image \" style=\"\">\n\t\t\t    \t<a href=\"http:\/\/www.chm.photo\/jazz\/wp-content\/gallery\/jca-19-08-25-1\/19-08-25-1-01.jpg\"\n\t\t     title=\"\"\n             data-src=\"http:\/\/www.chm.photo\/jazz\/wp-content\/gallery\/jca-19-08-25-1\/19-08-25-1-01.jpg\"\n             data-thumbnail=\"http:\/\/www.chm.photo\/jazz\/wp-content\/gallery\/jca-19-08-25-1\/thumbs\/thumbs_19-08-25-1-01.jpg\"\n             data-image-id=\"382\"\n             data-title=\"19-08-25-1-01\"\n             data-description=\"\"\n             target='_self'\n             class=\"ngg-fancybox\" rel=\"70b2e72cdee471cbf59f1f6bea97d4c3\">\n            <img class=\"ngg-singlepic\"\n             src=\"http:\/\/www.chm.photo\/jazz\/wp-content\/gallery\/jca-19-08-25-1\/cache\/19-08-25-1-01.jpg-nggid03382-ngg0dyn-0x0x100-00f0w010c010r110f110r010t010.jpg\"\n             alt=\"19-08-25-1-01\"\n             title=\"19-08-25-1-01\"\n                           \/>\n    \t<\/a>\n\t\t      <\/div>\n        \n\n\n            \n\t\t<div class=\"ngg-gallery-singlepic-image \" style=\"\">\n\t\t\t    \t<a href=\"http:\/\/www.chm.photo\/jazz\/wp-content\/gallery\/jca-19-08-25-1\/19-08-25-1-02.jpg\"\n\t\t     title=\"\"\n             data-src=\"http:\/\/www.chm.photo\/jazz\/wp-content\/gallery\/jca-19-08-25-1\/19-08-25-1-02.jpg\"\n             data-thumbnail=\"http:\/\/www.chm.photo\/jazz\/wp-content\/gallery\/jca-19-08-25-1\/thumbs\/thumbs_19-08-25-1-02.jpg\"\n             data-image-id=\"383\"\n             data-title=\"19-08-25-1-02\"\n             data-description=\"\"\n             target='_self'\n             class=\"ngg-fancybox\" rel=\"0a7e2f566d6a0bc4e0cbb9cfe22ff703\">\n            <img class=\"ngg-singlepic\"\n             src=\"http:\/\/www.chm.photo\/jazz\/wp-content\/gallery\/jca-19-08-25-1\/cache\/19-08-25-1-02.jpg-nggid03383-ngg0dyn-0x0x100-00f0w010c010r110f110r010t010.jpg\"\n             alt=\"19-08-25-1-02\"\n             title=\"19-08-25-1-02\"\n                           \/>\n    \t<\/a>\n\t\t      <\/div>\n        \n\n\n            \n\t\t<div class=\"ngg-gallery-singlepic-image \" style=\"\">\n\t\t\t    \t<a href=\"http:\/\/www.chm.photo\/jazz\/wp-content\/gallery\/jca-19-08-25-1\/19-08-25-1-03.jpg\"\n\t\t     title=\"\"\n             data-src=\"http:\/\/www.chm.photo\/jazz\/wp-content\/gallery\/jca-19-08-25-1\/19-08-25-1-03.jpg\"\n             data-thumbnail=\"http:\/\/www.chm.photo\/jazz\/wp-content\/gallery\/jca-19-08-25-1\/thumbs\/thumbs_19-08-25-1-03.jpg\"\n             data-image-id=\"384\"\n             data-title=\"19-08-25-1-03\"\n             data-description=\"\"\n             target='_self'\n             class=\"ngg-fancybox\" rel=\"709b9811a26c7731e40172947e21f313\">\n            <img class=\"ngg-singlepic\"\n             src=\"http:\/\/www.chm.photo\/jazz\/wp-content\/gallery\/jca-19-08-25-1\/cache\/19-08-25-1-03.jpg-nggid03384-ngg0dyn-0x0x100-00f0w010c010r110f110r010t010.jpg\"\n             alt=\"19-08-25-1-03\"\n             title=\"19-08-25-1-03\"\n                           \/>\n    \t<\/a>\n\t\t      <\/div>\n        \n\n\n            \n\t\t<div class=\"ngg-gallery-singlepic-image \" style=\"\">\n\t\t\t    \t<a href=\"http:\/\/www.chm.photo\/jazz\/wp-content\/gallery\/jca-19-08-25-1\/19-08-25-1-04.jpg\"\n\t\t     title=\"\"\n             data-src=\"http:\/\/www.chm.photo\/jazz\/wp-content\/gallery\/jca-19-08-25-1\/19-08-25-1-04.jpg\"\n             data-thumbnail=\"http:\/\/www.chm.photo\/jazz\/wp-content\/gallery\/jca-19-08-25-1\/thumbs\/thumbs_19-08-25-1-04.jpg\"\n             data-image-id=\"385\"\n             data-title=\"19-08-25-1-04\"\n             data-description=\"\"\n             target='_self'\n             class=\"ngg-fancybox\" rel=\"900187160b5e45377ea98d7dc5d3b6b6\">\n            <img class=\"ngg-singlepic\"\n             src=\"http:\/\/www.chm.photo\/jazz\/wp-content\/gallery\/jca-19-08-25-1\/cache\/19-08-25-1-04.jpg-nggid03385-ngg0dyn-0x0x100-00f0w010c010r110f110r010t010.jpg\"\n             alt=\"19-08-25-1-04\"\n             title=\"19-08-25-1-04\"\n                           \/>\n    \t<\/a>\n\t\t      <\/div>\n        \n\n\n            \n\t\t<div class=\"ngg-gallery-singlepic-image \" style=\"\">\n\t\t\t    \t<a href=\"http:\/\/www.chm.photo\/jazz\/wp-content\/gallery\/jca-19-08-25-1\/19-08-25-1-05.jpg\"\n\t\t     title=\"\"\n             data-src=\"http:\/\/www.chm.photo\/jazz\/wp-content\/gallery\/jca-19-08-25-1\/19-08-25-1-05.jpg\"\n             data-thumbnail=\"http:\/\/www.chm.photo\/jazz\/wp-content\/gallery\/jca-19-08-25-1\/thumbs\/thumbs_19-08-25-1-05.jpg\"\n             data-image-id=\"386\"\n             data-title=\"19-08-25-1-05\"\n             data-description=\"\"\n             target='_self'\n             class=\"ngg-fancybox\" rel=\"cc42d818336aae62e8ab984621f7e8ed\">\n            <img class=\"ngg-singlepic\"\n             src=\"http:\/\/www.chm.photo\/jazz\/wp-content\/gallery\/jca-19-08-25-1\/cache\/19-08-25-1-05.jpg-nggid03386-ngg0dyn-0x0x100-00f0w010c010r110f110r010t010.jpg\"\n             alt=\"19-08-25-1-05\"\n             title=\"19-08-25-1-05\"\n                           \/>\n    \t<\/a>\n\t\t      <\/div>\n        \n\n\n            \n\t\t<div class=\"ngg-gallery-singlepic-image \" style=\"\">\n\t\t\t    \t<a href=\"http:\/\/www.chm.photo\/jazz\/wp-content\/gallery\/jca-19-08-25-1\/19-08-25-1-06.jpg\"\n\t\t     title=\"\"\n             data-src=\"http:\/\/www.chm.photo\/jazz\/wp-content\/gallery\/jca-19-08-25-1\/19-08-25-1-06.jpg\"\n             data-thumbnail=\"http:\/\/www.chm.photo\/jazz\/wp-content\/gallery\/jca-19-08-25-1\/thumbs\/thumbs_19-08-25-1-06.jpg\"\n             data-image-id=\"387\"\n             data-title=\"19-08-25-1-06\"\n             data-description=\"\"\n             target='_self'\n             class=\"ngg-fancybox\" rel=\"a23478f7713292e9c7d6aea3b0b0f241\">\n            <img class=\"ngg-singlepic\"\n             src=\"http:\/\/www.chm.photo\/jazz\/wp-content\/gallery\/jca-19-08-25-1\/cache\/19-08-25-1-06.jpg-nggid03387-ngg0dyn-0x0x100-00f0w010c010r110f110r010t010.jpg\"\n             alt=\"19-08-25-1-06\"\n             title=\"19-08-25-1-06\"\n                           \/>\n    \t<\/a>\n\t\t      <\/div>\n        \n","protected":false},"excerpt":{"rendered":"<p>Le 5tet du pianiste Raphael LEMONNIER rend hommage au swing et \u00e0 la musique de Count Basie avec la complicit\u00e9 de la nouvelle \u00e9toile du Jazz vocal Tricia EVY.<\/p>\n","protected":false},"author":1,"featured_media":0,"parent":1410,"menu_order":10,"comment_status":"closed","ping_status":"closed","template":"","meta":{"ngg_post_thumbnail":0},"_links":{"self":[{"href":"http:\/\/www.chm.photo\/jazz\/wp-json\/wp\/v2\/pages\/1448"}],"collection":[{"href":"http:\/\/www.chm.photo\/jazz\/wp-json\/wp\/v2\/pages"}],"about":[{"href":"http:\/\/www.chm.photo\/jazz\/wp-json\/wp\/v2\/types\/page"}],"author":[{"embeddable":true,"href":"http:\/\/www.chm.photo\/jazz\/wp-json\/wp\/v2\/users\/1"}],"replies":[{"embeddable":true,"href":"http:\/\/www.chm.photo\/jazz\/wp-json\/wp\/v2\/comments?post=1448"}],"version-history":[{"count":3,"href":"http:\/\/www.chm.photo\/jazz\/wp-json\/wp\/v2\/pages\/1448\/revisions"}],"predecessor-version":[{"id":1451,"href":"http:\/\/www.chm.photo\/jazz\/wp-json\/wp\/v2\/pages\/1448\/revisions\/1451"}],"up":[{"embeddable":true,"href":"http:\/\/www.chm.photo\/jazz\/wp-json\/wp\/v2\/pages\/1410"}],"wp:attachment":[{"href":"http:\/\/www.chm.photo\/jazz\/wp-json\/wp\/v2\/media?parent=1448"}],"curies":[{"name":"wp","href":"https:\/\/api.w.org\/{rel}","templated":true}]}}