{"id":205,"date":"2017-07-25T09:30:14","date_gmt":"2017-07-25T07:30:14","guid":{"rendered":"http:\/\/www.chm.photo\/jazz\/?page_id=205"},"modified":"2017-09-26T17:06:21","modified_gmt":"2017-09-26T15:06:21","slug":"a-venir","status":"publish","type":"page","link":"http:\/\/www.chm.photo\/jazz\/a-venir\/","title":{"rendered":"Et toujours"},"content":{"rendered":"<p>Et toujours ici les diff\u00e9rents galeries que j&#8217;ai r\u00e9alis\u00e9es ces derniers mois au Jazz Club d&#8217;Annecy.<br \/>\n<a href=\"http:\/\/www.chm.photo\/jazzchm\">Vous pouvez les visualiser ici<\/a>.<\/p>\n<p><a href=\"http:\/\/www.chm.photo\/jazzchm\"><img loading=\"lazy\" class=\"aligncenter wp-image-587 size-full\" src=\"http:\/\/www.chm.photo\/jazz\/wp-content\/uploads\/2017\/09\/Entete-Diverse-1_01.jpg\" alt=\"\" width=\"744\" height=\"800\" srcset=\"http:\/\/www.chm.photo\/jazz\/wp-content\/uploads\/2017\/09\/Entete-Diverse-1_01.jpg 744w, http:\/\/www.chm.photo\/jazz\/wp-content\/uploads\/2017\/09\/Entete-Diverse-1_01-279x300.jpg 279w\" sizes=\"(max-width: 744px) 100vw, 744px\" \/><\/a><\/p>\n<p><a href=\"http:\/\/www.chm.photo\/jazz\"><strong>Retour au d\u00e9but du site jazz.chm.photo<\/strong><\/a><\/p>\n","protected":false},"excerpt":{"rendered":"<p>Et toujours ici les diff\u00e9rents galeries que j&#8217;ai r\u00e9alis\u00e9es ces derniers mois au Jazz Club d&#8217;Annecy. Vous pouvez les visualiser ici. Retour au d\u00e9but du site jazz.chm.photo<\/p>\n","protected":false},"author":2,"featured_media":0,"parent":0,"menu_order":0,"comment_status":"closed","ping_status":"closed","template":"","meta":{"ngg_post_thumbnail":0},"_links":{"self":[{"href":"http:\/\/www.chm.photo\/jazz\/wp-json\/wp\/v2\/pages\/205"}],"collection":[{"href":"http:\/\/www.chm.photo\/jazz\/wp-json\/wp\/v2\/pages"}],"about":[{"href":"http:\/\/www.chm.photo\/jazz\/wp-json\/wp\/v2\/types\/page"}],"author":[{"embeddable":true,"href":"http:\/\/www.chm.photo\/jazz\/wp-json\/wp\/v2\/users\/2"}],"replies":[{"embeddable":true,"href":"http:\/\/www.chm.photo\/jazz\/wp-json\/wp\/v2\/comments?post=205"}],"version-history":[{"count":11,"href":"http:\/\/www.chm.photo\/jazz\/wp-json\/wp\/v2\/pages\/205\/revisions"}],"predecessor-version":[{"id":590,"href":"http:\/\/www.chm.photo\/jazz\/wp-json\/wp\/v2\/pages\/205\/revisions\/590"}],"wp:attachment":[{"href":"http:\/\/www.chm.photo\/jazz\/wp-json\/wp\/v2\/media?parent=205"}],"curies":[{"name":"wp","href":"https:\/\/api.w.org\/{rel}","templated":true}]}}