{"id":21,"date":"2017-07-20T17:29:00","date_gmt":"2017-07-20T15:29:00","guid":{"rendered":"http:\/\/www.chm.photo\/jazz\/?page_id=21"},"modified":"2017-07-25T13:44:20","modified_gmt":"2017-07-25T11:44:20","slug":"lac-in-blue-2017","status":"publish","type":"page","link":"http:\/\/www.chm.photo\/jazz\/lac-in-blue-2017\/","title":{"rendered":"Le festival 2017 Lac In Blue d\u2019Annecy"},"content":{"rendered":"<p><strong>Les doigts de l\u2019Homme<\/strong><\/p>\n<p>Premier concert au Brise Glace avec le groupe <strong>Les doigts de l\u2019Homme<\/strong><\/p>\n<p><a href=\"http:\/\/www.chm.photo\/jazz\/lac-in-blue-2017\/les-doigts-de-lhomme\/\">A suivre ici<\/a><\/p>\n            \n\t\t<div class=\"ngg-gallery-singlepic-image \" style=\"max-width: 500px\">\n\t\t\t    \t<a href=\"http:\/\/www.chm.photo\/jazz\/wp-content\/gallery\/lac-in-blue-2017-1\/LDGH-17-04-04-005.JPG\"\n\t\t     title=\"\"\n             data-src=\"http:\/\/www.chm.photo\/jazz\/wp-content\/gallery\/lac-in-blue-2017-1\/LDGH-17-04-04-005.JPG\"\n             data-thumbnail=\"http:\/\/www.chm.photo\/jazz\/wp-content\/gallery\/lac-in-blue-2017-1\/thumbs\/thumbs_LDGH-17-04-04-005.JPG\"\n             data-image-id=\"5\"\n             data-title=\"LDGH-17-04-04-005\"\n             data-description=\"\"\n             target='_self'\n             class=\"ngg-fancybox\" rel=\"8c49a5b67f3a3da705544b325303b3a7\">\n            <img class=\"ngg-singlepic\"\n             src=\"http:\/\/www.chm.photo\/jazz\/wp-content\/gallery\/lac-in-blue-2017-1\/cache\/LDGH-17-04-04-005.JPG-nggid015-ngg0dyn-500x0x100-00f0w010c010r110f110r010t010.JPG\"\n             alt=\"LDGH-17-04-04-005\"\n             title=\"LDGH-17-04-04-005\"\n              width=\"500\"               \/>\n    \t<\/a>\n\t\t      <\/div>\n        \n<p><strong>Fran\u00e7is Lockwood<\/strong><\/p>\n<p>Concert de <strong>Fran\u00e7is Lockwood<\/strong><\/p>\n<p><a href=\"http:\/\/www.chm.photo\/jazz\/lac-in-blue-2017\/francis-lockwood\/\">A suivre ici<\/a><\/p>\n            \n\t\t<div class=\"ngg-gallery-singlepic-image \" style=\"max-width: 500px\">\n\t\t\t    \t<a href=\"http:\/\/www.chm.photo\/jazz\/wp-content\/gallery\/lac-in-blue-2017-2\/FRLK-17-04-05-010.JPG\"\n\t\t     title=\"\"\n             data-src=\"http:\/\/www.chm.photo\/jazz\/wp-content\/gallery\/lac-in-blue-2017-2\/FRLK-17-04-05-010.JPG\"\n             data-thumbnail=\"http:\/\/www.chm.photo\/jazz\/wp-content\/gallery\/lac-in-blue-2017-2\/thumbs\/thumbs_FRLK-17-04-05-010.JPG\"\n             data-image-id=\"30\"\n             data-title=\"FRLK-17-04-05-010\"\n             data-description=\"\"\n             target='_self'\n             class=\"ngg-fancybox\" rel=\"6339f1e38791ede4e255705014c4d68b\">\n            <img class=\"ngg-singlepic\"\n             src=\"http:\/\/www.chm.photo\/jazz\/wp-content\/gallery\/lac-in-blue-2017-2\/cache\/FRLK-17-04-05-010.JPG-nggid0230-ngg0dyn-500x0x100-00f0w010c010r110f110r010t010.JPG\"\n             alt=\"FRLK-17-04-05-010\"\n             title=\"FRLK-17-04-05-010\"\n              width=\"500\"               \/>\n    \t<\/a>\n\t\t      <\/div>\n        \n<p><strong>Mich\u00e8le Hendricks<\/strong><\/p>\n<p>Salle Pierre Lamy, la chanteuse <strong>Mich\u00e8le Hendricks<\/strong> qui a \u00e9t\u00e9 accompagn\u00e9e en ouverture par l\u2019Ensemble Jazz Vocal du Conservatoire \u00e0 Rayonnement R\u00e9gional.<\/p>\n<p><a href=\"http:\/\/www.chm.photo\/jazz\/lac-in-blue-2017\/michele-hendricks\/\">A suivre ici<\/a><\/p>\n            \n\t\t<div class=\"ngg-gallery-singlepic-image \" style=\"max-width: 500px\">\n\t\t\t    \t<a href=\"http:\/\/www.chm.photo\/jazz\/wp-content\/gallery\/lac-in-blue-2017-3\/MH-17-04-06-009.JPG\"\n\t\t     title=\"\"\n             data-src=\"http:\/\/www.chm.photo\/jazz\/wp-content\/gallery\/lac-in-blue-2017-3\/MH-17-04-06-009.JPG\"\n             data-thumbnail=\"http:\/\/www.chm.photo\/jazz\/wp-content\/gallery\/lac-in-blue-2017-3\/thumbs\/thumbs_MH-17-04-06-009.JPG\"\n             data-image-id=\"39\"\n             data-title=\"MH-17-04-06-009\"\n             data-description=\"\"\n             target='_self'\n             class=\"ngg-fancybox\" rel=\"346c285015ddac8b3e2725a2527d9f49\">\n            <img class=\"ngg-singlepic\"\n             src=\"http:\/\/www.chm.photo\/jazz\/wp-content\/gallery\/lac-in-blue-2017-3\/cache\/MH-17-04-06-009.JPG-nggid0239-ngg0dyn-500x0x100-00f0w010c010r110f110r010t010.JPG\"\n             alt=\"MH-17-04-06-009\"\n             title=\"MH-17-04-06-009\"\n              width=\"500\"               \/>\n    \t<\/a>\n\t\t      <\/div>\n        \n<p><strong>Godin et Olivier-Roman Garci<\/strong>a<\/p>\n<p>Agr\u00e9able concert vendredi 7 \u00e0 midi o\u00f9 Christophe <strong>Godin et Olivier-Roman Garci<\/strong>a nous interpr\u00e8tent, non sans un certain humour, leur r\u00e9pertoire que je qualifie, en ce qui me concerne, de \u00ab easy leasing \u00bb<\/p>\n<p><a href=\"http:\/\/www.chm.photo\/jazz\/lac-in-blue-2017\/christophe-godin-et-olivier-roman-garcia\/\">A suivre ici<\/a><\/p>\n            \n\t\t<div class=\"ngg-gallery-singlepic-image \" style=\"max-width: 500px\">\n\t\t\t    \t<a href=\"http:\/\/www.chm.photo\/jazz\/wp-content\/gallery\/lac-in-blue-2017-5\/CGORG-17-04-07-005.JPG\"\n\t\t     title=\"\"\n             data-src=\"http:\/\/www.chm.photo\/jazz\/wp-content\/gallery\/lac-in-blue-2017-5\/CGORG-17-04-07-005.JPG\"\n             data-thumbnail=\"http:\/\/www.chm.photo\/jazz\/wp-content\/gallery\/lac-in-blue-2017-5\/thumbs\/thumbs_CGORG-17-04-07-005.JPG\"\n             data-image-id=\"54\"\n             data-title=\"CGORG-17-04-07-005\"\n             data-description=\"\"\n             target='_self'\n             class=\"ngg-fancybox\" rel=\"79b23ad5aea7c254c694df4633033f33\">\n            <img class=\"ngg-singlepic\"\n             src=\"http:\/\/www.chm.photo\/jazz\/wp-content\/gallery\/lac-in-blue-2017-5\/cache\/CGORG-17-04-07-005.JPG-nggid0254-ngg0dyn-500x0x100-00f0w010c010r110f110r010t010.JPG\"\n             alt=\"CGORG-17-04-07-005\"\n             title=\"CGORG-17-04-07-005\"\n              width=\"500\"               \/>\n    \t<\/a>\n\t\t      <\/div>\n        \n<p><strong>Jazz Brunch \u00e0 la MJC des Carr\u00e9s avec <\/strong><strong>Mario Stanchev piano et Lionel Martin saxophone<\/strong><\/p>\n<p><a href=\"http:\/\/www.chm.photo\/jazz\/lac-in-blue-2017\/mario-stanchev-lionel-martin\/\">A suivre ici<\/a><\/p>\n            \n\t\t<div class=\"ngg-gallery-singlepic-image \" style=\"max-width: 500px\">\n\t\t\t    \t<a href=\"http:\/\/www.chm.photo\/jazz\/wp-content\/gallery\/lac-in-blue-2017-4\/MS-17-04-08-006.JPG\"\n\t\t     title=\"\"\n             data-src=\"http:\/\/www.chm.photo\/jazz\/wp-content\/gallery\/lac-in-blue-2017-4\/MS-17-04-08-006.JPG\"\n             data-thumbnail=\"http:\/\/www.chm.photo\/jazz\/wp-content\/gallery\/lac-in-blue-2017-4\/thumbs\/thumbs_MS-17-04-08-006.JPG\"\n             data-image-id=\"47\"\n             data-title=\"MS-17-04-08-006\"\n             data-description=\"\"\n             target='_self'\n             class=\"ngg-fancybox\" rel=\"3b92ad156ae24da0932811d695c916d2\">\n            <img class=\"ngg-singlepic\"\n             src=\"http:\/\/www.chm.photo\/jazz\/wp-content\/gallery\/lac-in-blue-2017-4\/cache\/MS-17-04-08-006.JPG-nggid0247-ngg0dyn-500x0x100-00f0w010c010r110f110r010t010.JPG\"\n             alt=\"MS-17-04-08-006\"\n             title=\"MS-17-04-08-006\"\n              width=\"500\"               \/>\n    \t<\/a>\n\t\t      <\/div>\n        \n<p><a href=\"http:\/\/www.chm.photo\/jazz\">Retour \u00e0 l&#8217;accueil de jazz.chm.photo<\/a><\/p>\n<p>&nbsp;<\/p>\n","protected":false},"excerpt":{"rendered":"<p>Les doigts de l\u2019Homme Premier concert au Brise Glace avec le groupe Les doigts de l\u2019Homme A suivre ici Fran\u00e7is Lockwood Concert de Fran\u00e7is Lockwood A suivre ici Mich\u00e8le Hendricks Salle Pierre Lamy, la chanteuse Mich\u00e8le Hendricks qui a \u00e9t\u00e9 accompagn\u00e9e en ouverture par l\u2019Ensemble Jazz Vocal du Conservatoire \u00e0 Rayonnement R\u00e9gional. A suivre ici [&hellip;]<\/p>\n","protected":false},"author":2,"featured_media":0,"parent":0,"menu_order":50,"comment_status":"closed","ping_status":"closed","template":"","meta":{"ngg_post_thumbnail":0},"_links":{"self":[{"href":"http:\/\/www.chm.photo\/jazz\/wp-json\/wp\/v2\/pages\/21"}],"collection":[{"href":"http:\/\/www.chm.photo\/jazz\/wp-json\/wp\/v2\/pages"}],"about":[{"href":"http:\/\/www.chm.photo\/jazz\/wp-json\/wp\/v2\/types\/page"}],"author":[{"embeddable":true,"href":"http:\/\/www.chm.photo\/jazz\/wp-json\/wp\/v2\/users\/2"}],"replies":[{"embeddable":true,"href":"http:\/\/www.chm.photo\/jazz\/wp-json\/wp\/v2\/comments?post=21"}],"version-history":[{"count":14,"href":"http:\/\/www.chm.photo\/jazz\/wp-json\/wp\/v2\/pages\/21\/revisions"}],"predecessor-version":[{"id":312,"href":"http:\/\/www.chm.photo\/jazz\/wp-json\/wp\/v2\/pages\/21\/revisions\/312"}],"wp:attachment":[{"href":"http:\/\/www.chm.photo\/jazz\/wp-json\/wp\/v2\/media?parent=21"}],"curies":[{"name":"wp","href":"https:\/\/api.w.org\/{rel}","templated":true}]}}