{"id":247,"date":"2017-07-25T10:18:08","date_gmt":"2017-07-25T08:18:08","guid":{"rendered":"http:\/\/www.chm.photo\/jazz\/?page_id=247"},"modified":"2017-07-25T12:59:20","modified_gmt":"2017-07-25T10:59:20","slug":"jazz-club-dannecy-saison-2016-2017","status":"publish","type":"page","link":"http:\/\/www.chm.photo\/jazz\/jazz-club-dannecy\/jazz-club-dannecy-saison-2016-2017\/","title":{"rendered":"Jazz Club d&#8217;Annecy saison 2016 &#8211; 2017"},"content":{"rendered":"<p>Une galerie des concerts auxquels j&#8217;ai pu assiter de la saison 2016-2017 du Jazz Club d&#8217;Annecy<\/p>\n<p><a href=\"http:\/\/www.chm.photo\/jazz\/a-venir\/lucy-dixon\/\">On commence avec Lucy Dixon<\/a><\/p>\n<p><em>(D\u00e9cembre 2016)<\/em><\/p>\n            \n\t\t<div class=\"ngg-gallery-singlepic-image \" style=\"max-width: 500px\">\n\t\t\t    \t<a href=\"http:\/\/www.chm.photo\/jazz\/wp-content\/gallery\/16-12-15\/16-12-15-001.JPG\"\n\t\t     title=\"\"\n             data-src=\"http:\/\/www.chm.photo\/jazz\/wp-content\/gallery\/16-12-15\/16-12-15-001.JPG\"\n             data-thumbnail=\"http:\/\/www.chm.photo\/jazz\/wp-content\/gallery\/16-12-15\/thumbs\/thumbs_16-12-15-001.JPG\"\n             data-image-id=\"62\"\n             data-title=\"16-12-15-001\"\n             data-description=\"\"\n             target='_self'\n             class=\"ngg-fancybox\" rel=\"7b3f619ed137890e872e81360c8e1960\">\n            <img class=\"ngg-singlepic\"\n             src=\"http:\/\/www.chm.photo\/jazz\/wp-content\/gallery\/16-12-15\/cache\/16-12-15-001.JPG-nggid0262-ngg0dyn-500x0x100-00f0w010c010r110f110r010t010.JPG\"\n             alt=\"16-12-15-001\"\n             title=\"16-12-15-001\"\n              width=\"500\"               \/>\n    \t<\/a>\n\t\t      <\/div>\n        \n<p><a href=\"http:\/\/www.chm.photo\/jazz\/jazz-club-dannecy-saison-2016-2017\/jazz-minor-sing-quartet\/\">Minor Sing Quarter<\/a><\/p>\n<p><em>(Janvier 2017)<\/em><\/p>\n            \n\t\t<div class=\"ngg-gallery-singlepic-image \" style=\"max-width: 500px\">\n\t\t\t    \t<a href=\"http:\/\/www.chm.photo\/jazz\/wp-content\/gallery\/jca-17-01-12\/17-01-12-002.JPG\"\n\t\t     title=\"\"\n             data-src=\"http:\/\/www.chm.photo\/jazz\/wp-content\/gallery\/jca-17-01-12\/17-01-12-002.JPG\"\n             data-thumbnail=\"http:\/\/www.chm.photo\/jazz\/wp-content\/gallery\/jca-17-01-12\/thumbs\/thumbs_17-01-12-002.JPG\"\n             data-image-id=\"70\"\n             data-title=\"17-01-12-002\"\n             data-description=\"\"\n             target='_self'\n             class=\"ngg-fancybox\" rel=\"fca69d573804e4cf3f92e5c6b945c667\">\n            <img class=\"ngg-singlepic\"\n             src=\"http:\/\/www.chm.photo\/jazz\/wp-content\/gallery\/jca-17-01-12\/cache\/17-01-12-002.JPG-nggid0270-ngg0dyn-500x0x100-00f0w010c010r110f110r010t010.JPG\"\n             alt=\"17-01-12-002\"\n             title=\"17-01-12-002\"\n              width=\"500\"               \/>\n    \t<\/a>\n\t\t      <\/div>\n        \n<p><a href=\"http:\/\/www.chm.photo\/jazz\/jazz-club-dannecy-saison-2016-2017\/martin-jacobsen-quartet\/\">Martin Jacobsen quartet<\/a><\/p>\n<p>(F\u00e9vrier 2017)<\/p>\n            \n\t\t<div class=\"ngg-gallery-singlepic-image \" style=\"max-width: 500px\">\n\t\t\t    \t<a href=\"http:\/\/www.chm.photo\/jazz\/wp-content\/gallery\/jca-17-02-08\/17-02-08-001.JPG\"\n\t\t     title=\"\"\n             data-src=\"http:\/\/www.chm.photo\/jazz\/wp-content\/gallery\/jca-17-02-08\/17-02-08-001.JPG\"\n             data-thumbnail=\"http:\/\/www.chm.photo\/jazz\/wp-content\/gallery\/jca-17-02-08\/thumbs\/thumbs_17-02-08-001.JPG\"\n             data-image-id=\"76\"\n             data-title=\"17-02-08-001\"\n             data-description=\"\"\n             target='_self'\n             class=\"ngg-fancybox\" rel=\"d9c80eda33a5a75c32e634ba53881768\">\n            <img class=\"ngg-singlepic\"\n             src=\"http:\/\/www.chm.photo\/jazz\/wp-content\/gallery\/jca-17-02-08\/cache\/17-02-08-001.JPG-nggid0276-ngg0dyn-500x0x100-00f0w010c010r110f110r010t010.JPG\"\n             alt=\"17-02-08-001\"\n             title=\"17-02-08-001\"\n              width=\"500\"               \/>\n    \t<\/a>\n\t\t      <\/div>\n        \n<p><em>D&#8217;autres galeries vont suivre &#8230;.<\/em><\/p>\n<p><a href=\"http:\/\/www.chm.photo\/jazz\">Retour au d\u00e9but du site jazz.chm.photo<\/a><\/p>\n","protected":false},"excerpt":{"rendered":"<p>Une galerie des concerts auxquels j&#8217;ai pu assiter de la saison 2016-2017 du Jazz Club d&#8217;Annecy On commence avec Lucy Dixon (D\u00e9cembre 2016) Minor Sing Quarter (Janvier 2017) Martin Jacobsen quartet (F\u00e9vrier 2017) D&#8217;autres galeries vont suivre &#8230;. Retour au d\u00e9but du site jazz.chm.photo<\/p>\n","protected":false},"author":2,"featured_media":0,"parent":300,"menu_order":10,"comment_status":"closed","ping_status":"closed","template":"","meta":{"ngg_post_thumbnail":0},"_links":{"self":[{"href":"http:\/\/www.chm.photo\/jazz\/wp-json\/wp\/v2\/pages\/247"}],"collection":[{"href":"http:\/\/www.chm.photo\/jazz\/wp-json\/wp\/v2\/pages"}],"about":[{"href":"http:\/\/www.chm.photo\/jazz\/wp-json\/wp\/v2\/types\/page"}],"author":[{"embeddable":true,"href":"http:\/\/www.chm.photo\/jazz\/wp-json\/wp\/v2\/users\/2"}],"replies":[{"embeddable":true,"href":"http:\/\/www.chm.photo\/jazz\/wp-json\/wp\/v2\/comments?post=247"}],"version-history":[{"count":6,"href":"http:\/\/www.chm.photo\/jazz\/wp-json\/wp\/v2\/pages\/247\/revisions"}],"predecessor-version":[{"id":303,"href":"http:\/\/www.chm.photo\/jazz\/wp-json\/wp\/v2\/pages\/247\/revisions\/303"}],"up":[{"embeddable":true,"href":"http:\/\/www.chm.photo\/jazz\/wp-json\/wp\/v2\/pages\/300"}],"wp:attachment":[{"href":"http:\/\/www.chm.photo\/jazz\/wp-json\/wp\/v2\/media?parent=247"}],"curies":[{"name":"wp","href":"https:\/\/api.w.org\/{rel}","templated":true}]}}