{"id":254,"date":"2017-07-25T11:07:33","date_gmt":"2017-07-25T09:07:33","guid":{"rendered":"http:\/\/www.chm.photo\/jazz\/?page_id=254"},"modified":"2017-07-25T13:01:08","modified_gmt":"2017-07-25T11:01:08","slug":"jazz-minor-sing-quartet","status":"publish","type":"page","link":"http:\/\/www.chm.photo\/jazz\/jazz-club-dannecy\/jazz-club-dannecy-saison-2016-2017\/jazz-minor-sing-quartet\/","title":{"rendered":"Jazz Minor Sing Quartet"},"content":{"rendered":"<p>Soir\u00e9e manouche avec le quartet acoustique \u00ab&nbsp;Minor Sing&nbsp;\u00bb.<br \/>\nCe groupe lyonnais a peu \u00e0 peu impos\u00e9 son swing manouche irr\u00e9prochable en m\u00ealant compositions et reprises de grands standards.<br \/>\n&nbsp;<\/p>\n<p>Laurent Vincenza, guitare<br \/>\nYannick Alcocer, guitare<br \/>\nJean Lardanchet, violon<br \/>\nSylvain Pourrat, contrebasse<\/p>\n            \n\t\t<div class=\"ngg-gallery-singlepic-image \" style=\"\">\n\t\t\t    \t<a href=\"http:\/\/www.chm.photo\/jazz\/wp-content\/gallery\/jca-17-01-12\/17-01-12-001.JPG\"\n\t\t     title=\"\"\n             data-src=\"http:\/\/www.chm.photo\/jazz\/wp-content\/gallery\/jca-17-01-12\/17-01-12-001.JPG\"\n             data-thumbnail=\"http:\/\/www.chm.photo\/jazz\/wp-content\/gallery\/jca-17-01-12\/thumbs\/thumbs_17-01-12-001.JPG\"\n             data-image-id=\"69\"\n             data-title=\"17-01-12-001\"\n             data-description=\"\"\n             target='_self'\n             class=\"ngg-fancybox\" rel=\"6b3b61042ae5e6ce518b4829287f5986\">\n            <img class=\"ngg-singlepic\"\n             src=\"http:\/\/www.chm.photo\/jazz\/wp-content\/gallery\/jca-17-01-12\/cache\/17-01-12-001.JPG-nggid0269-ngg0dyn-0x0x100-00f0w010c010r110f110r010t010.JPG\"\n             alt=\"17-01-12-001\"\n             title=\"17-01-12-001\"\n                           \/>\n    \t<\/a>\n\t\t      <\/div>\n        \n            \n\t\t<div class=\"ngg-gallery-singlepic-image \" style=\"\">\n\t\t\t    \t<a href=\"http:\/\/www.chm.photo\/jazz\/wp-content\/gallery\/jca-17-01-12\/17-01-12-002.JPG\"\n\t\t     title=\"\"\n             data-src=\"http:\/\/www.chm.photo\/jazz\/wp-content\/gallery\/jca-17-01-12\/17-01-12-002.JPG\"\n             data-thumbnail=\"http:\/\/www.chm.photo\/jazz\/wp-content\/gallery\/jca-17-01-12\/thumbs\/thumbs_17-01-12-002.JPG\"\n             data-image-id=\"70\"\n             data-title=\"17-01-12-002\"\n             data-description=\"\"\n             target='_self'\n             class=\"ngg-fancybox\" rel=\"6b06ba21cad3fd3bd9b74ab9ce40e15b\">\n            <img class=\"ngg-singlepic\"\n             src=\"http:\/\/www.chm.photo\/jazz\/wp-content\/gallery\/jca-17-01-12\/cache\/17-01-12-002.JPG-nggid0270-ngg0dyn-0x0x100-00f0w010c010r110f110r010t010.JPG\"\n             alt=\"17-01-12-002\"\n             title=\"17-01-12-002\"\n                           \/>\n    \t<\/a>\n\t\t      <\/div>\n        \n            \n\t\t<div class=\"ngg-gallery-singlepic-image \" style=\"\">\n\t\t\t    \t<a href=\"http:\/\/www.chm.photo\/jazz\/wp-content\/gallery\/jca-17-01-12\/17-01-12-003.JPG\"\n\t\t     title=\"\"\n             data-src=\"http:\/\/www.chm.photo\/jazz\/wp-content\/gallery\/jca-17-01-12\/17-01-12-003.JPG\"\n             data-thumbnail=\"http:\/\/www.chm.photo\/jazz\/wp-content\/gallery\/jca-17-01-12\/thumbs\/thumbs_17-01-12-003.JPG\"\n             data-image-id=\"71\"\n             data-title=\"17-01-12-003\"\n             data-description=\"\"\n             target='_self'\n             class=\"ngg-fancybox\" rel=\"fd7050bc91435a17508bf9fd34d9169b\">\n            <img class=\"ngg-singlepic\"\n             src=\"http:\/\/www.chm.photo\/jazz\/wp-content\/gallery\/jca-17-01-12\/cache\/17-01-12-003.JPG-nggid0271-ngg0dyn-0x0x100-00f0w010c010r110f110r010t010.JPG\"\n             alt=\"17-01-12-003\"\n             title=\"17-01-12-003\"\n                           \/>\n    \t<\/a>\n\t\t      <\/div>\n        \n            \n\t\t<div class=\"ngg-gallery-singlepic-image \" style=\"\">\n\t\t\t    \t<a href=\"http:\/\/www.chm.photo\/jazz\/wp-content\/gallery\/jca-17-01-12\/17-01-12-004.JPG\"\n\t\t     title=\"\"\n             data-src=\"http:\/\/www.chm.photo\/jazz\/wp-content\/gallery\/jca-17-01-12\/17-01-12-004.JPG\"\n             data-thumbnail=\"http:\/\/www.chm.photo\/jazz\/wp-content\/gallery\/jca-17-01-12\/thumbs\/thumbs_17-01-12-004.JPG\"\n             data-image-id=\"72\"\n             data-title=\"17-01-12-004\"\n             data-description=\"\"\n             target='_self'\n             class=\"ngg-fancybox\" rel=\"30ffbd4f6ae90fe369626fa963e18147\">\n            <img class=\"ngg-singlepic\"\n             src=\"http:\/\/www.chm.photo\/jazz\/wp-content\/gallery\/jca-17-01-12\/cache\/17-01-12-004.JPG-nggid0272-ngg0dyn-0x0x100-00f0w010c010r110f110r010t010.JPG\"\n             alt=\"17-01-12-004\"\n             title=\"17-01-12-004\"\n                           \/>\n    \t<\/a>\n\t\t      <\/div>\n        \n            \n\t\t<div class=\"ngg-gallery-singlepic-image \" style=\"\">\n\t\t\t    \t<a href=\"http:\/\/www.chm.photo\/jazz\/wp-content\/gallery\/jca-17-01-12\/17-01-12-005.JPG\"\n\t\t     title=\"\"\n             data-src=\"http:\/\/www.chm.photo\/jazz\/wp-content\/gallery\/jca-17-01-12\/17-01-12-005.JPG\"\n             data-thumbnail=\"http:\/\/www.chm.photo\/jazz\/wp-content\/gallery\/jca-17-01-12\/thumbs\/thumbs_17-01-12-005.JPG\"\n             data-image-id=\"73\"\n             data-title=\"17-01-12-005\"\n             data-description=\"\"\n             target='_self'\n             class=\"ngg-fancybox\" rel=\"1aded053380d710d26f1c65a280a806b\">\n            <img class=\"ngg-singlepic\"\n             src=\"http:\/\/www.chm.photo\/jazz\/wp-content\/gallery\/jca-17-01-12\/cache\/17-01-12-005.JPG-nggid0273-ngg0dyn-0x0x100-00f0w010c010r110f110r010t010.JPG\"\n             alt=\"17-01-12-005\"\n             title=\"17-01-12-005\"\n                           \/>\n    \t<\/a>\n\t\t      <\/div>\n        \n            \n\t\t<div class=\"ngg-gallery-singlepic-image \" style=\"\">\n\t\t\t    \t<a href=\"http:\/\/www.chm.photo\/jazz\/wp-content\/gallery\/jca-17-01-12\/17-01-12-006.JPG\"\n\t\t     title=\"\"\n             data-src=\"http:\/\/www.chm.photo\/jazz\/wp-content\/gallery\/jca-17-01-12\/17-01-12-006.JPG\"\n             data-thumbnail=\"http:\/\/www.chm.photo\/jazz\/wp-content\/gallery\/jca-17-01-12\/thumbs\/thumbs_17-01-12-006.JPG\"\n             data-image-id=\"74\"\n             data-title=\"17-01-12-006\"\n             data-description=\"\"\n             target='_self'\n             class=\"ngg-fancybox\" rel=\"c8bdc32655d50d1300465ad99a7f231e\">\n            <img class=\"ngg-singlepic\"\n             src=\"http:\/\/www.chm.photo\/jazz\/wp-content\/gallery\/jca-17-01-12\/cache\/17-01-12-006.JPG-nggid0274-ngg0dyn-0x0x100-00f0w010c010r110f110r010t010.JPG\"\n             alt=\"17-01-12-006\"\n             title=\"17-01-12-006\"\n                           \/>\n    \t<\/a>\n\t\t      <\/div>\n        \n            \n\t\t<div class=\"ngg-gallery-singlepic-image \" style=\"\">\n\t\t\t    \t<a href=\"http:\/\/www.chm.photo\/jazz\/wp-content\/gallery\/jca-17-01-12\/17-01-12-007.JPG\"\n\t\t     title=\"\"\n             data-src=\"http:\/\/www.chm.photo\/jazz\/wp-content\/gallery\/jca-17-01-12\/17-01-12-007.JPG\"\n             data-thumbnail=\"http:\/\/www.chm.photo\/jazz\/wp-content\/gallery\/jca-17-01-12\/thumbs\/thumbs_17-01-12-007.JPG\"\n             data-image-id=\"75\"\n             data-title=\"17-01-12-007\"\n             data-description=\"\"\n             target='_self'\n             class=\"ngg-fancybox\" rel=\"7419925acd9efdddd253ede8d529cb43\">\n            <img class=\"ngg-singlepic\"\n             src=\"http:\/\/www.chm.photo\/jazz\/wp-content\/gallery\/jca-17-01-12\/cache\/17-01-12-007.JPG-nggid0275-ngg0dyn-0x0x100-00f0w010c010r110f110r010t010.JPG\"\n             alt=\"17-01-12-007\"\n             title=\"17-01-12-007\"\n                           \/>\n    \t<\/a>\n\t\t      <\/div>\n        \n<p><a href=\"http:\/\/www.chm.photo\/jazz\/jazz-club-dannecy-saison-2016-2017\/\">Retour \u00e0 la saison 2016-2017 Jazz Club d&#8217;Annecy<\/a><\/p>\n<p><a href=\"http:\/\/www.chm.photo\/jazz\">Retour \u00e0 l&#8217;accueil de jazz.chm.photo<\/a><\/p>\n","protected":false},"excerpt":{"rendered":"<p>Soir\u00e9e manouche avec le quartet acoustique \u00ab&nbsp;Minor Sing&nbsp;\u00bb. Ce groupe lyonnais a peu \u00e0 peu impos\u00e9 son swing manouche irr\u00e9prochable en m\u00ealant compositions et reprises de grands standards. &nbsp; Laurent Vincenza, guitare Yannick Alcocer, guitare Jean Lardanchet, violon Sylvain Pourrat, contrebasse Retour \u00e0 la saison 2016-2017 Jazz Club d&#8217;Annecy Retour \u00e0 l&#8217;accueil de jazz.chm.photo<\/p>\n","protected":false},"author":2,"featured_media":0,"parent":247,"menu_order":20,"comment_status":"closed","ping_status":"closed","template":"","meta":{"ngg_post_thumbnail":0},"_links":{"self":[{"href":"http:\/\/www.chm.photo\/jazz\/wp-json\/wp\/v2\/pages\/254"}],"collection":[{"href":"http:\/\/www.chm.photo\/jazz\/wp-json\/wp\/v2\/pages"}],"about":[{"href":"http:\/\/www.chm.photo\/jazz\/wp-json\/wp\/v2\/types\/page"}],"author":[{"embeddable":true,"href":"http:\/\/www.chm.photo\/jazz\/wp-json\/wp\/v2\/users\/2"}],"replies":[{"embeddable":true,"href":"http:\/\/www.chm.photo\/jazz\/wp-json\/wp\/v2\/comments?post=254"}],"version-history":[{"count":3,"href":"http:\/\/www.chm.photo\/jazz\/wp-json\/wp\/v2\/pages\/254\/revisions"}],"predecessor-version":[{"id":304,"href":"http:\/\/www.chm.photo\/jazz\/wp-json\/wp\/v2\/pages\/254\/revisions\/304"}],"up":[{"embeddable":true,"href":"http:\/\/www.chm.photo\/jazz\/wp-json\/wp\/v2\/pages\/247"}],"wp:attachment":[{"href":"http:\/\/www.chm.photo\/jazz\/wp-json\/wp\/v2\/media?parent=254"}],"curies":[{"name":"wp","href":"https:\/\/api.w.org\/{rel}","templated":true}]}}