{"id":329,"date":"2017-08-28T22:47:04","date_gmt":"2017-08-28T20:47:04","guid":{"rendered":"http:\/\/www.chm.photo\/jazz\/?page_id=329"},"modified":"2017-08-31T13:11:19","modified_gmt":"2017-08-31T11:11:19","slug":"laurent-courthaliac-8tet","status":"publish","type":"page","link":"http:\/\/www.chm.photo\/jazz\/festival-chateau-de-clermont-2017-19eme-edition\/laurent-courthaliac-8tet\/","title":{"rendered":"\u00a0Laurent COURTHALIAC 8tet"},"content":{"rendered":"<p>On conna\u00eet l\u2019amour de Woody Allen pour le jazz\u2026&nbsp;Il \u00e9maille ses films, rythme ses com\u00e9dies, illustre ses drames, collant \u00e0 la pellicule comme \u00e0 sa ville, New York, dont il constitue&nbsp;l\u2019id\u00e9ale bande-son.<br \/>\nDepuis quinze ans qu\u2019il est actif comme jazzman,&nbsp;Laurent Courthaliac&nbsp;joue la musique des films de Woody Allen.<br \/>\n&nbsp;<br \/>\nPour \u00ab&nbsp;All my life&nbsp;\u00bb, il a plac\u00e9 son piano au centre d\u2019un octet \u00e0 la taille id\u00e9ale, confi\u00e9 \u00e0 la plume de&nbsp;Jon Boutellier&nbsp;le soin des arrangements, et retenu un casting de&nbsp;fines lames du bop&nbsp;qui comptent parmi ses plus fid\u00e8les compagnons de route et \u00e9voluent entre les deux capitales du jazz mondial, Paris et New York.&nbsp;<br \/>\n&nbsp;&nbsp;<br \/>\nDes&nbsp;oeuvres intemporelles, sign\u00e9es George Gershwin, Cole Porter ou Irving Berlin, pour<br \/>\nun projet con\u00e7u comme un&nbsp;hommage&nbsp;\u00e0 un r\u00e9alisateur exceptionnel.<\/p>\n            \n\t\t<div class=\"ngg-gallery-singlepic-image \" style=\"\">\n\t\t\t    \t<a href=\"http:\/\/www.chm.photo\/jazz\/wp-content\/gallery\/clermont-2017-4\/Concert_4-001.JPG\"\n\t\t     title=\"\"\n             data-src=\"http:\/\/www.chm.photo\/jazz\/wp-content\/gallery\/clermont-2017-4\/Concert_4-001.JPG\"\n             data-thumbnail=\"http:\/\/www.chm.photo\/jazz\/wp-content\/gallery\/clermont-2017-4\/thumbs\/thumbs_Concert_4-001.JPG\"\n             data-image-id=\"86\"\n             data-title=\"Concert_4-001\"\n             data-description=\"\"\n             target='_self'\n             class=\"ngg-fancybox\" rel=\"9f5e8ccdb767f7fda4a584ff9318ffea\">\n            <img class=\"ngg-singlepic\"\n             src=\"http:\/\/www.chm.photo\/jazz\/wp-content\/gallery\/clermont-2017-4\/cache\/Concert_4-001.JPG-nggid0286-ngg0dyn-0x0x100-00f0w010c010r110f110r010t010.JPG\"\n             alt=\"Concert_4-001\"\n             title=\"Concert_4-001\"\n                           \/>\n    \t<\/a>\n\t\t      <\/div>\n        \n            \n\t\t<div class=\"ngg-gallery-singlepic-image \" style=\"\">\n\t\t\t    \t<a href=\"http:\/\/www.chm.photo\/jazz\/wp-content\/gallery\/clermont-2017-4\/Concert_4-002.JPG\"\n\t\t     title=\"\"\n             data-src=\"http:\/\/www.chm.photo\/jazz\/wp-content\/gallery\/clermont-2017-4\/Concert_4-002.JPG\"\n             data-thumbnail=\"http:\/\/www.chm.photo\/jazz\/wp-content\/gallery\/clermont-2017-4\/thumbs\/thumbs_Concert_4-002.JPG\"\n             data-image-id=\"87\"\n             data-title=\"Concert_4-002\"\n             data-description=\"\"\n             target='_self'\n             class=\"ngg-fancybox\" rel=\"a542e70fa4e90dc2986c45afd36468b5\">\n            <img class=\"ngg-singlepic\"\n             src=\"http:\/\/www.chm.photo\/jazz\/wp-content\/gallery\/clermont-2017-4\/cache\/Concert_4-002.JPG-nggid0287-ngg0dyn-0x0x100-00f0w010c010r110f110r010t010.JPG\"\n             alt=\"Concert_4-002\"\n             title=\"Concert_4-002\"\n                           \/>\n    \t<\/a>\n\t\t      <\/div>\n        \n            \n\t\t<div class=\"ngg-gallery-singlepic-image \" style=\"\">\n\t\t\t    \t<a href=\"http:\/\/www.chm.photo\/jazz\/wp-content\/gallery\/clermont-2017-4\/Concert_4-003.JPG\"\n\t\t     title=\"\"\n             data-src=\"http:\/\/www.chm.photo\/jazz\/wp-content\/gallery\/clermont-2017-4\/Concert_4-003.JPG\"\n             data-thumbnail=\"http:\/\/www.chm.photo\/jazz\/wp-content\/gallery\/clermont-2017-4\/thumbs\/thumbs_Concert_4-003.JPG\"\n             data-image-id=\"88\"\n             data-title=\"Concert_4-003\"\n             data-description=\"\"\n             target='_self'\n             class=\"ngg-fancybox\" rel=\"58ff2d12833b404d0f729a417ab9e647\">\n            <img class=\"ngg-singlepic\"\n             src=\"http:\/\/www.chm.photo\/jazz\/wp-content\/gallery\/clermont-2017-4\/cache\/Concert_4-003.JPG-nggid0288-ngg0dyn-0x0x100-00f0w010c010r110f110r010t010.JPG\"\n             alt=\"Concert_4-003\"\n             title=\"Concert_4-003\"\n                           \/>\n    \t<\/a>\n\t\t      <\/div>\n        \n            \n\t\t<div class=\"ngg-gallery-singlepic-image \" style=\"\">\n\t\t\t    \t<a href=\"http:\/\/www.chm.photo\/jazz\/wp-content\/gallery\/clermont-2017-4\/Concert_4-004.JPG\"\n\t\t     title=\"\"\n             data-src=\"http:\/\/www.chm.photo\/jazz\/wp-content\/gallery\/clermont-2017-4\/Concert_4-004.JPG\"\n             data-thumbnail=\"http:\/\/www.chm.photo\/jazz\/wp-content\/gallery\/clermont-2017-4\/thumbs\/thumbs_Concert_4-004.JPG\"\n             data-image-id=\"89\"\n             data-title=\"Concert_4-004\"\n             data-description=\"\"\n             target='_self'\n             class=\"ngg-fancybox\" rel=\"f9fe27f9b2b943d87f5c6436f1c9cd25\">\n            <img class=\"ngg-singlepic\"\n             src=\"http:\/\/www.chm.photo\/jazz\/wp-content\/gallery\/clermont-2017-4\/cache\/Concert_4-004.JPG-nggid0289-ngg0dyn-0x0x100-00f0w010c010r110f110r010t010.JPG\"\n             alt=\"Concert_4-004\"\n             title=\"Concert_4-004\"\n                           \/>\n    \t<\/a>\n\t\t      <\/div>\n        \n            \n\t\t<div class=\"ngg-gallery-singlepic-image \" style=\"\">\n\t\t\t    \t<a href=\"http:\/\/www.chm.photo\/jazz\/wp-content\/gallery\/clermont-2017-4\/Concert_4-005.JPG\"\n\t\t     title=\"\"\n             data-src=\"http:\/\/www.chm.photo\/jazz\/wp-content\/gallery\/clermont-2017-4\/Concert_4-005.JPG\"\n             data-thumbnail=\"http:\/\/www.chm.photo\/jazz\/wp-content\/gallery\/clermont-2017-4\/thumbs\/thumbs_Concert_4-005.JPG\"\n             data-image-id=\"90\"\n             data-title=\"Concert_4-005\"\n             data-description=\"\"\n             target='_self'\n             class=\"ngg-fancybox\" rel=\"78c5113460c67a6dd902c00de93f72c8\">\n            <img class=\"ngg-singlepic\"\n             src=\"http:\/\/www.chm.photo\/jazz\/wp-content\/gallery\/clermont-2017-4\/cache\/Concert_4-005.JPG-nggid0290-ngg0dyn-0x0x100-00f0w010c010r110f110r010t010.JPG\"\n             alt=\"Concert_4-005\"\n             title=\"Concert_4-005\"\n                           \/>\n    \t<\/a>\n\t\t      <\/div>\n        \n            \n\t\t<div class=\"ngg-gallery-singlepic-image \" style=\"\">\n\t\t\t    \t<a href=\"http:\/\/www.chm.photo\/jazz\/wp-content\/gallery\/clermont-2017-4\/Concert_4-006.JPG\"\n\t\t     title=\"\"\n             data-src=\"http:\/\/www.chm.photo\/jazz\/wp-content\/gallery\/clermont-2017-4\/Concert_4-006.JPG\"\n             data-thumbnail=\"http:\/\/www.chm.photo\/jazz\/wp-content\/gallery\/clermont-2017-4\/thumbs\/thumbs_Concert_4-006.JPG\"\n             data-image-id=\"91\"\n             data-title=\"Concert_4-006\"\n             data-description=\"\"\n             target='_self'\n             class=\"ngg-fancybox\" rel=\"9a3a2d2d3d133bbd5667da8276722019\">\n            <img class=\"ngg-singlepic\"\n             src=\"http:\/\/www.chm.photo\/jazz\/wp-content\/gallery\/clermont-2017-4\/cache\/Concert_4-006.JPG-nggid0291-ngg0dyn-0x0x100-00f0w010c010r110f110r010t010.JPG\"\n             alt=\"Concert_4-006\"\n             title=\"Concert_4-006\"\n                           \/>\n    \t<\/a>\n\t\t      <\/div>\n        \n            \n\t\t<div class=\"ngg-gallery-singlepic-image \" style=\"\">\n\t\t\t    \t<a href=\"http:\/\/www.chm.photo\/jazz\/wp-content\/gallery\/clermont-2017-4\/Concert_4-007.JPG\"\n\t\t     title=\"\"\n             data-src=\"http:\/\/www.chm.photo\/jazz\/wp-content\/gallery\/clermont-2017-4\/Concert_4-007.JPG\"\n             data-thumbnail=\"http:\/\/www.chm.photo\/jazz\/wp-content\/gallery\/clermont-2017-4\/thumbs\/thumbs_Concert_4-007.JPG\"\n             data-image-id=\"92\"\n             data-title=\"Concert_4-007\"\n             data-description=\"\"\n             target='_self'\n             class=\"ngg-fancybox\" rel=\"fcf9df7ce2f4f4b3d621b2eba2b54fd0\">\n            <img class=\"ngg-singlepic\"\n             src=\"http:\/\/www.chm.photo\/jazz\/wp-content\/gallery\/clermont-2017-4\/cache\/Concert_4-007.JPG-nggid0292-ngg0dyn-0x0x100-00f0w010c010r110f110r010t010.JPG\"\n             alt=\"Concert_4-007\"\n             title=\"Concert_4-007\"\n                           \/>\n    \t<\/a>\n\t\t      <\/div>\n        \n            \n\t\t<div class=\"ngg-gallery-singlepic-image \" style=\"\">\n\t\t\t    \t<a href=\"http:\/\/www.chm.photo\/jazz\/wp-content\/gallery\/clermont-2017-4\/Concert_4-008.JPG\"\n\t\t     title=\"\"\n             data-src=\"http:\/\/www.chm.photo\/jazz\/wp-content\/gallery\/clermont-2017-4\/Concert_4-008.JPG\"\n             data-thumbnail=\"http:\/\/www.chm.photo\/jazz\/wp-content\/gallery\/clermont-2017-4\/thumbs\/thumbs_Concert_4-008.JPG\"\n             data-image-id=\"93\"\n             data-title=\"Concert_4-008\"\n             data-description=\"\"\n             target='_self'\n             class=\"ngg-fancybox\" rel=\"ee84f78e27b29910a96414ee213e37a4\">\n            <img class=\"ngg-singlepic\"\n             src=\"http:\/\/www.chm.photo\/jazz\/wp-content\/gallery\/clermont-2017-4\/cache\/Concert_4-008.JPG-nggid0293-ngg0dyn-0x0x100-00f0w010c010r110f110r010t010.JPG\"\n             alt=\"Concert_4-008\"\n             title=\"Concert_4-008\"\n                           \/>\n    \t<\/a>\n\t\t      <\/div>\n        \n            \n\t\t<div class=\"ngg-gallery-singlepic-image \" style=\"\">\n\t\t\t    \t<a href=\"http:\/\/www.chm.photo\/jazz\/wp-content\/gallery\/clermont-2017-4\/Concert_4-009.JPG\"\n\t\t     title=\"\"\n             data-src=\"http:\/\/www.chm.photo\/jazz\/wp-content\/gallery\/clermont-2017-4\/Concert_4-009.JPG\"\n             data-thumbnail=\"http:\/\/www.chm.photo\/jazz\/wp-content\/gallery\/clermont-2017-4\/thumbs\/thumbs_Concert_4-009.JPG\"\n             data-image-id=\"94\"\n             data-title=\"Concert_4-009\"\n             data-description=\"\"\n             target='_self'\n             class=\"ngg-fancybox\" rel=\"466e7f32fad4ac19ea807697817b3b0d\">\n            <img class=\"ngg-singlepic\"\n             src=\"http:\/\/www.chm.photo\/jazz\/wp-content\/gallery\/clermont-2017-4\/cache\/Concert_4-009.JPG-nggid0294-ngg0dyn-0x0x100-00f0w010c010r110f110r010t010.JPG\"\n             alt=\"Concert_4-009\"\n             title=\"Concert_4-009\"\n                           \/>\n    \t<\/a>\n\t\t      <\/div>\n        \n<p>Fabien Mary&nbsp;&#8211; trompette<br \/>\nBastien Ballaz&nbsp;&#8211; trombone<br \/>\nDmitry Baevsky&nbsp;&#8211; saxophone alto<br \/>\nDavid Sauzay&nbsp;&#8211;&nbsp;saxophone&nbsp;t\u00e9nor<br \/>\nJon Boutellier &#8211;&nbsp;saxophone&nbsp;baryton<br \/>\nLaurent Courthaliac&nbsp;&#8211; piano<br \/>\nClovis Nicolas &#8211; contrebasse<br \/>\nRomain Sarron&nbsp;\u2013 batterie<\/p>\n<p><a href=\"http:\/\/www.chm.photo\/jazz\/festival-chateau-de-clermont-2017-19eme-edition\/\">Retour \u00e0 la page du Festival<\/a><\/p>\n<p><a href=\"http:\/\/www.chm.photo\/jazz\">Retour au d\u00e9but du site jazz.chm.photo<\/a><\/p>\n","protected":false},"excerpt":{"rendered":"<p>On conna\u00eet l\u2019amour de Woody Allen pour le jazz\u2026&nbsp;Il \u00e9maille ses films, rythme ses com\u00e9dies, illustre ses drames, collant \u00e0 la pellicule comme \u00e0 sa ville, New York, dont il constitue&nbsp;l\u2019id\u00e9ale bande-son. Depuis quinze ans qu\u2019il est actif comme jazzman,&nbsp;Laurent Courthaliac&nbsp;joue la musique des films de Woody Allen. &nbsp; Pour \u00ab&nbsp;All my life&nbsp;\u00bb, il a [&hellip;]<\/p>\n","protected":false},"author":2,"featured_media":0,"parent":326,"menu_order":40,"comment_status":"closed","ping_status":"closed","template":"","meta":{"ngg_post_thumbnail":0},"_links":{"self":[{"href":"http:\/\/www.chm.photo\/jazz\/wp-json\/wp\/v2\/pages\/329"}],"collection":[{"href":"http:\/\/www.chm.photo\/jazz\/wp-json\/wp\/v2\/pages"}],"about":[{"href":"http:\/\/www.chm.photo\/jazz\/wp-json\/wp\/v2\/types\/page"}],"author":[{"embeddable":true,"href":"http:\/\/www.chm.photo\/jazz\/wp-json\/wp\/v2\/users\/2"}],"replies":[{"embeddable":true,"href":"http:\/\/www.chm.photo\/jazz\/wp-json\/wp\/v2\/comments?post=329"}],"version-history":[{"count":4,"href":"http:\/\/www.chm.photo\/jazz\/wp-json\/wp\/v2\/pages\/329\/revisions"}],"predecessor-version":[{"id":440,"href":"http:\/\/www.chm.photo\/jazz\/wp-json\/wp\/v2\/pages\/329\/revisions\/440"}],"up":[{"embeddable":true,"href":"http:\/\/www.chm.photo\/jazz\/wp-json\/wp\/v2\/pages\/326"}],"wp:attachment":[{"href":"http:\/\/www.chm.photo\/jazz\/wp-json\/wp\/v2\/media?parent=329"}],"curies":[{"name":"wp","href":"https:\/\/api.w.org\/{rel}","templated":true}]}}