{"id":430,"date":"2017-08-30T23:41:25","date_gmt":"2017-08-30T21:41:25","guid":{"rendered":"http:\/\/www.chm.photo\/jazz\/?page_id=430"},"modified":"2019-04-10T21:44:17","modified_gmt":"2019-04-10T19:44:17","slug":"andrea-motis","status":"publish","type":"page","link":"http:\/\/www.chm.photo\/jazz\/festival-chateau-de-clermont-2017-19eme-edition\/andrea-motis\/","title":{"rendered":"Andr\u00e9a MOTIS"},"content":{"rendered":"<p>Chouchoute incontest\u00e9e du public jazz espagnol, Andr\u00e9a Motis s\u00e9duit imm\u00e9diatement par sa fra\u00eecheur, sa facilit\u00e9 et sa spontan\u00e9it\u00e9.<br \/>\nLors de l\u2019\u00e9dition 2012 du festival de Barcelone, elle tapait dans l\u2019oreille de Quincy Jones, \u00e9poustoufl\u00e9 au point de la convier sur sc\u00e8ne.<br \/>\nApr\u00e8s ses six albums r\u00e9alis\u00e9s en la compagnie du bassiste Joan Chamorro, la trompettiste-chanteuse-compositrice catalane fait ses d\u00e9buts de leader chez Impulse avec l\u2019album \u201cEmotional Dance\u201d qu\u2019elle vient pr\u00e9senter.<br \/>\nA 21 ans la jeune femme affiche d\u00e9j\u00e0 une musicalit\u00e9 aboutie qui fait l&#8217;envie de nombre de ses ain\u00e9s&nbsp;; une voix de contralto s\u00e9duisante et \u00e9lastique, un vibrato subtil, bri\u00e8vet\u00e9 des phrases\u2026 m\u00eame si \u00ab&nbsp;la trompette sera toujours (son) premier instrument\u201d.<br \/>\n&nbsp;<br \/>\n            \n\t\t<div class=\"ngg-gallery-singlepic-image \" style=\"\">\n\t\t\t    \t<a href=\"http:\/\/www.chm.photo\/jazz\/wp-content\/gallery\/clermont-2017-2\/Concert_2-001.JPG\"\n\t\t     title=\"\"\n             data-src=\"http:\/\/www.chm.photo\/jazz\/wp-content\/gallery\/clermont-2017-2\/Concert_2-001.JPG\"\n             data-thumbnail=\"http:\/\/www.chm.photo\/jazz\/wp-content\/gallery\/clermont-2017-2\/thumbs\/thumbs_Concert_2-001.JPG\"\n             data-image-id=\"107\"\n             data-title=\"Concert_2-001\"\n             data-description=\"\"\n             target='_self'\n             class=\"ngg-fancybox\" rel=\"f7974315028fb0a8398b4b40437da4f8\">\n            <img class=\"ngg-singlepic\"\n             src=\"http:\/\/www.chm.photo\/jazz\/wp-content\/gallery\/clermont-2017-2\/cache\/Concert_2-001.JPG-nggid03107-ngg0dyn-0x0x100-00f0w010c010r110f110r010t010.JPG\"\n             alt=\"Concert_2-001\"\n             title=\"Concert_2-001\"\n                           \/>\n    \t<\/a>\n\t\t      <\/div>\n        <\/p>\n            \n\t\t<div class=\"ngg-gallery-singlepic-image \" style=\"\">\n\t\t\t    \t<a href=\"http:\/\/www.chm.photo\/jazz\/wp-content\/gallery\/clermont-2017-2\/Concert_2-003.JPG\"\n\t\t     title=\"\"\n             data-src=\"http:\/\/www.chm.photo\/jazz\/wp-content\/gallery\/clermont-2017-2\/Concert_2-003.JPG\"\n             data-thumbnail=\"http:\/\/www.chm.photo\/jazz\/wp-content\/gallery\/clermont-2017-2\/thumbs\/thumbs_Concert_2-003.JPG\"\n             data-image-id=\"109\"\n             data-title=\"Concert_2-003\"\n             data-description=\"\"\n             target='_self'\n             class=\"ngg-fancybox\" rel=\"4bd04f3cf5b0e17e623b3814f8f13881\">\n            <img class=\"ngg-singlepic\"\n             src=\"http:\/\/www.chm.photo\/jazz\/wp-content\/gallery\/clermont-2017-2\/cache\/Concert_2-003.JPG-nggid03109-ngg0dyn-0x0x100-00f0w010c010r110f110r010t010.JPG\"\n             alt=\"Concert_2-003\"\n             title=\"Concert_2-003\"\n                           \/>\n    \t<\/a>\n\t\t      <\/div>\n        \n            \n\t\t<div class=\"ngg-gallery-singlepic-image \" style=\"\">\n\t\t\t    \t<a href=\"http:\/\/www.chm.photo\/jazz\/wp-content\/gallery\/clermont-2017-2\/Concert_2-004.JPG\"\n\t\t     title=\"\"\n             data-src=\"http:\/\/www.chm.photo\/jazz\/wp-content\/gallery\/clermont-2017-2\/Concert_2-004.JPG\"\n             data-thumbnail=\"http:\/\/www.chm.photo\/jazz\/wp-content\/gallery\/clermont-2017-2\/thumbs\/thumbs_Concert_2-004.JPG\"\n             data-image-id=\"110\"\n             data-title=\"Concert_2-004\"\n             data-description=\"\"\n             target='_self'\n             class=\"ngg-fancybox\" rel=\"2c4ddc3edce12e919dbbdd4b42501f52\">\n            <img class=\"ngg-singlepic\"\n             src=\"http:\/\/www.chm.photo\/jazz\/wp-content\/gallery\/clermont-2017-2\/cache\/Concert_2-004.JPG-nggid03110-ngg0dyn-0x0x100-00f0w010c010r110f110r010t010.JPG\"\n             alt=\"Concert_2-004\"\n             title=\"Concert_2-004\"\n                           \/>\n    \t<\/a>\n\t\t      <\/div>\n        \n            \n\t\t<div class=\"ngg-gallery-singlepic-image \" style=\"\">\n\t\t\t    \t<a href=\"http:\/\/www.chm.photo\/jazz\/wp-content\/gallery\/clermont-2017-2\/Concert_2-005.JPG\"\n\t\t     title=\"\"\n             data-src=\"http:\/\/www.chm.photo\/jazz\/wp-content\/gallery\/clermont-2017-2\/Concert_2-005.JPG\"\n             data-thumbnail=\"http:\/\/www.chm.photo\/jazz\/wp-content\/gallery\/clermont-2017-2\/thumbs\/thumbs_Concert_2-005.JPG\"\n             data-image-id=\"111\"\n             data-title=\"Concert_2-005\"\n             data-description=\"\"\n             target='_self'\n             class=\"ngg-fancybox\" rel=\"a2c558246b15154e239b94f608fb43b0\">\n            <img class=\"ngg-singlepic\"\n             src=\"http:\/\/www.chm.photo\/jazz\/wp-content\/gallery\/clermont-2017-2\/cache\/Concert_2-005.JPG-nggid03111-ngg0dyn-0x0x100-00f0w010c010r110f110r010t010.JPG\"\n             alt=\"Concert_2-005\"\n             title=\"Concert_2-005\"\n                           \/>\n    \t<\/a>\n\t\t      <\/div>\n        \n            \n\t\t<div class=\"ngg-gallery-singlepic-image \" style=\"\">\n\t\t\t    \t<a href=\"http:\/\/www.chm.photo\/jazz\/wp-content\/gallery\/clermont-2017-2\/Concert_2-006.JPG\"\n\t\t     title=\"\"\n             data-src=\"http:\/\/www.chm.photo\/jazz\/wp-content\/gallery\/clermont-2017-2\/Concert_2-006.JPG\"\n             data-thumbnail=\"http:\/\/www.chm.photo\/jazz\/wp-content\/gallery\/clermont-2017-2\/thumbs\/thumbs_Concert_2-006.JPG\"\n             data-image-id=\"112\"\n             data-title=\"Concert_2-006\"\n             data-description=\"\"\n             target='_self'\n             class=\"ngg-fancybox\" rel=\"d316578d864959f703a375c6242fd63a\">\n            <img class=\"ngg-singlepic\"\n             src=\"http:\/\/www.chm.photo\/jazz\/wp-content\/gallery\/clermont-2017-2\/cache\/Concert_2-006.JPG-nggid03112-ngg0dyn-0x0x100-00f0w010c010r110f110r010t010.JPG\"\n             alt=\"Concert_2-006\"\n             title=\"Concert_2-006\"\n                           \/>\n    \t<\/a>\n\t\t      <\/div>\n        \n            \n\t\t<div class=\"ngg-gallery-singlepic-image \" style=\"\">\n\t\t\t    \t<a href=\"http:\/\/www.chm.photo\/jazz\/wp-content\/gallery\/clermont-2017-2\/Concert_2-009.JPG\"\n\t\t     title=\"\"\n             data-src=\"http:\/\/www.chm.photo\/jazz\/wp-content\/gallery\/clermont-2017-2\/Concert_2-009.JPG\"\n             data-thumbnail=\"http:\/\/www.chm.photo\/jazz\/wp-content\/gallery\/clermont-2017-2\/thumbs\/thumbs_Concert_2-009.JPG\"\n             data-image-id=\"115\"\n             data-title=\"Concert_2-009\"\n             data-description=\"\"\n             target='_self'\n             class=\"ngg-fancybox\" rel=\"f48c1ea52545f6555e1fd924575c9c80\">\n            <img class=\"ngg-singlepic\"\n             src=\"http:\/\/www.chm.photo\/jazz\/wp-content\/gallery\/clermont-2017-2\/cache\/Concert_2-009.JPG-nggid03115-ngg0dyn-0x0x100-00f0w010c010r110f110r010t010.JPG\"\n             alt=\"Concert_2-009\"\n             title=\"Concert_2-009\"\n                           \/>\n    \t<\/a>\n\t\t      <\/div>\n        \n            \n\t\t<div class=\"ngg-gallery-singlepic-image \" style=\"\">\n\t\t\t    \t<a href=\"http:\/\/www.chm.photo\/jazz\/wp-content\/gallery\/clermont-2017-2\/Concert_2-010.JPG\"\n\t\t     title=\"\"\n             data-src=\"http:\/\/www.chm.photo\/jazz\/wp-content\/gallery\/clermont-2017-2\/Concert_2-010.JPG\"\n             data-thumbnail=\"http:\/\/www.chm.photo\/jazz\/wp-content\/gallery\/clermont-2017-2\/thumbs\/thumbs_Concert_2-010.JPG\"\n             data-image-id=\"116\"\n             data-title=\"Concert_2-010\"\n             data-description=\"\"\n             target='_self'\n             class=\"ngg-fancybox\" rel=\"17e1adf911f9bf557cbef0d048b7fa56\">\n            <img class=\"ngg-singlepic\"\n             src=\"http:\/\/www.chm.photo\/jazz\/wp-content\/gallery\/clermont-2017-2\/cache\/Concert_2-010.JPG-nggid03116-ngg0dyn-0x0x100-00f0w010c010r110f110r010t010.JPG\"\n             alt=\"Concert_2-010\"\n             title=\"Concert_2-010\"\n                           \/>\n    \t<\/a>\n\t\t      <\/div>\n        \n<p>Andr\u00e9a Motis : Chant, trompette, saxophone<br \/>\nJoan Chamorro : contrebasse saxophone<br \/>\nJoan Monn\u00e9 : piano<br \/>\nJosep Traver : guitare<br \/>\nEsteve Pi : batterie.<\/p>\n<p><strong><a href=\"http:\/\/www.chm.photo\/jazz\/festival-chateau-de-clermont-2017-19eme-edition\/\">Retour \u00e0 la page du Festival<\/a><\/strong><\/p>\n<p><a href=\"http:\/\/www.chm.photo\/jazz\"><strong>Retour au d\u00e9but du site jazz.chm.photo<\/strong><\/a><\/p>\n","protected":false},"excerpt":{"rendered":"<p>Chouchoute incontest\u00e9e du public jazz espagnol, Andr\u00e9a Motis s\u00e9duit imm\u00e9diatement par sa fra\u00eecheur, sa facilit\u00e9 et sa spontan\u00e9it\u00e9. Lors de l\u2019\u00e9dition 2012 du festival de Barcelone, elle tapait dans l\u2019oreille de Quincy Jones, \u00e9poustoufl\u00e9 au point de la convier sur sc\u00e8ne. Apr\u00e8s ses six albums r\u00e9alis\u00e9s en la compagnie du bassiste Joan Chamorro, la trompettiste-chanteuse-compositrice [&hellip;]<\/p>\n","protected":false},"author":2,"featured_media":447,"parent":326,"menu_order":20,"comment_status":"closed","ping_status":"closed","template":"","meta":{"ngg_post_thumbnail":0},"_links":{"self":[{"href":"http:\/\/www.chm.photo\/jazz\/wp-json\/wp\/v2\/pages\/430"}],"collection":[{"href":"http:\/\/www.chm.photo\/jazz\/wp-json\/wp\/v2\/pages"}],"about":[{"href":"http:\/\/www.chm.photo\/jazz\/wp-json\/wp\/v2\/types\/page"}],"author":[{"embeddable":true,"href":"http:\/\/www.chm.photo\/jazz\/wp-json\/wp\/v2\/users\/2"}],"replies":[{"embeddable":true,"href":"http:\/\/www.chm.photo\/jazz\/wp-json\/wp\/v2\/comments?post=430"}],"version-history":[{"count":5,"href":"http:\/\/www.chm.photo\/jazz\/wp-json\/wp\/v2\/pages\/430\/revisions"}],"predecessor-version":[{"id":531,"href":"http:\/\/www.chm.photo\/jazz\/wp-json\/wp\/v2\/pages\/430\/revisions\/531"}],"up":[{"embeddable":true,"href":"http:\/\/www.chm.photo\/jazz\/wp-json\/wp\/v2\/pages\/326"}],"wp:featuredmedia":[{"embeddable":true,"href":"http:\/\/www.chm.photo\/jazz\/wp-json\/wp\/v2\/media\/447"}],"wp:attachment":[{"href":"http:\/\/www.chm.photo\/jazz\/wp-json\/wp\/v2\/media?parent=430"}],"curies":[{"name":"wp","href":"https:\/\/api.w.org\/{rel}","templated":true}]}}