{"id":522,"date":"2017-09-06T17:27:27","date_gmt":"2017-09-06T15:27:27","guid":{"rendered":"http:\/\/www.chm.photo\/jazz\/?page_id=522"},"modified":"2017-09-06T17:34:01","modified_gmt":"2017-09-06T15:34:01","slug":"bastien-brison-trio","status":"publish","type":"page","link":"http:\/\/www.chm.photo\/jazz\/festival-chateau-de-clermont-2017-19eme-edition\/bastien-brison-trio\/","title":{"rendered":"Bastien BRISON Trio"},"content":{"rendered":"<p>Bastien BRISON Trio&nbsp;avec comme invit\u00e8 Irving ACAO<\/p>\n<p>Originaire de Roanne, Bastien Brison,&nbsp;jeune pianiste bourr\u00e9 de talent a d\u00e9barqu\u00e9 \u00e0 Lyon en 2009 o\u00f9 il s\u2019est vite impos\u00e9 sur les sc\u00e8nes des clubs de jazz du centre-ville et des festivals de la r\u00e9gion.<br \/>\n&#8220;Toujours dans la r\u00e9flexion, mais avant tout dans le ressenti, Bastien Brison fait \u00e0 chaque concert de belles promesses au jazz fran\u00e7ais&#8221; (Ken Wash).<br \/>\n&nbsp;D\u00e9sormais parisien, c&#8217;est avec un trio exceptionnel compos\u00e9 notamment de musiciens cubains qu&#8217;il nous revient pour un r\u00e9pertoire aux couleurs cubaines et africaines.<br \/>\n&nbsp;Le groove unique du saxophoniste cubain Irving ACAO lui a valu de faire le tour&nbsp;du monde avec les plus grands noms du jazz : de Chucho Vald\u00e8s &nbsp;\u00ab Irakere \u00bb, en passant par Danilo Perez, Mc Coy Tyner, Roy Hargrove, ou encore Dave Liebman:&nbsp; Jubilatoire !<\/p>\n            \n\t\t<div class=\"ngg-gallery-singlepic-image \" style=\"\">\n\t\t\t    \t<a href=\"http:\/\/www.chm.photo\/jazz\/wp-content\/gallery\/clermont-2017-1\/Concert_1-001.JPG\"\n\t\t     title=\"\"\n             data-src=\"http:\/\/www.chm.photo\/jazz\/wp-content\/gallery\/clermont-2017-1\/Concert_1-001.JPG\"\n             data-thumbnail=\"http:\/\/www.chm.photo\/jazz\/wp-content\/gallery\/clermont-2017-1\/thumbs\/thumbs_Concert_1-001.JPG\"\n             data-image-id=\"134\"\n             data-title=\"Concert_1-001\"\n             data-description=\"\"\n             target='_self'\n             class=\"ngg-fancybox\" rel=\"9cbacd67e26e32fdd9e9ae5ff2a1b105\">\n            <img class=\"ngg-singlepic\"\n             src=\"http:\/\/www.chm.photo\/jazz\/wp-content\/gallery\/clermont-2017-1\/cache\/Concert_1-001.JPG-nggid03134-ngg0dyn-0x0x100-00f0w010c010r110f110r010t010.JPG\"\n             alt=\"Concert_1-001\"\n             title=\"Concert_1-001\"\n                           \/>\n    \t<\/a>\n\t\t      <\/div>\n        \n            \n\t\t<div class=\"ngg-gallery-singlepic-image \" style=\"\">\n\t\t\t    \t<a href=\"http:\/\/www.chm.photo\/jazz\/wp-content\/gallery\/clermont-2017-1\/Concert_1-002.JPG\"\n\t\t     title=\"\"\n             data-src=\"http:\/\/www.chm.photo\/jazz\/wp-content\/gallery\/clermont-2017-1\/Concert_1-002.JPG\"\n             data-thumbnail=\"http:\/\/www.chm.photo\/jazz\/wp-content\/gallery\/clermont-2017-1\/thumbs\/thumbs_Concert_1-002.JPG\"\n             data-image-id=\"135\"\n             data-title=\"Concert_1-002\"\n             data-description=\"\"\n             target='_self'\n             class=\"ngg-fancybox\" rel=\"2680c8ad01012c8469bc6b7159c5985f\">\n            <img class=\"ngg-singlepic\"\n             src=\"http:\/\/www.chm.photo\/jazz\/wp-content\/gallery\/clermont-2017-1\/cache\/Concert_1-002.JPG-nggid03135-ngg0dyn-0x0x100-00f0w010c010r110f110r010t010.JPG\"\n             alt=\"Concert_1-002\"\n             title=\"Concert_1-002\"\n                           \/>\n    \t<\/a>\n\t\t      <\/div>\n        \n            \n\t\t<div class=\"ngg-gallery-singlepic-image \" style=\"\">\n\t\t\t    \t<a href=\"http:\/\/www.chm.photo\/jazz\/wp-content\/gallery\/clermont-2017-1\/Concert_1-003.JPG\"\n\t\t     title=\"\"\n             data-src=\"http:\/\/www.chm.photo\/jazz\/wp-content\/gallery\/clermont-2017-1\/Concert_1-003.JPG\"\n             data-thumbnail=\"http:\/\/www.chm.photo\/jazz\/wp-content\/gallery\/clermont-2017-1\/thumbs\/thumbs_Concert_1-003.JPG\"\n             data-image-id=\"136\"\n             data-title=\"Concert_1-003\"\n             data-description=\"\"\n             target='_self'\n             class=\"ngg-fancybox\" rel=\"f1b466aad10b48aabc820c8ef4a884c8\">\n            <img class=\"ngg-singlepic\"\n             src=\"http:\/\/www.chm.photo\/jazz\/wp-content\/gallery\/clermont-2017-1\/cache\/Concert_1-003.JPG-nggid03136-ngg0dyn-0x0x100-00f0w010c010r110f110r010t010.JPG\"\n             alt=\"Concert_1-003\"\n             title=\"Concert_1-003\"\n                           \/>\n    \t<\/a>\n\t\t      <\/div>\n        \n            \n\t\t<div class=\"ngg-gallery-singlepic-image \" style=\"\">\n\t\t\t    \t<a href=\"http:\/\/www.chm.photo\/jazz\/wp-content\/gallery\/clermont-2017-1\/Concert_1-004.JPG\"\n\t\t     title=\"\"\n             data-src=\"http:\/\/www.chm.photo\/jazz\/wp-content\/gallery\/clermont-2017-1\/Concert_1-004.JPG\"\n             data-thumbnail=\"http:\/\/www.chm.photo\/jazz\/wp-content\/gallery\/clermont-2017-1\/thumbs\/thumbs_Concert_1-004.JPG\"\n             data-image-id=\"137\"\n             data-title=\"Concert_1-004\"\n             data-description=\"\"\n             target='_self'\n             class=\"ngg-fancybox\" rel=\"a55703fdf24decf3da1d128688c9fa94\">\n            <img class=\"ngg-singlepic\"\n             src=\"http:\/\/www.chm.photo\/jazz\/wp-content\/gallery\/clermont-2017-1\/cache\/Concert_1-004.JPG-nggid03137-ngg0dyn-0x0x100-00f0w010c010r110f110r010t010.JPG\"\n             alt=\"Concert_1-004\"\n             title=\"Concert_1-004\"\n                           \/>\n    \t<\/a>\n\t\t      <\/div>\n        \n            \n\t\t<div class=\"ngg-gallery-singlepic-image \" style=\"\">\n\t\t\t    \t<a href=\"http:\/\/www.chm.photo\/jazz\/wp-content\/gallery\/clermont-2017-1\/Concert_1-005.JPG\"\n\t\t     title=\"\"\n             data-src=\"http:\/\/www.chm.photo\/jazz\/wp-content\/gallery\/clermont-2017-1\/Concert_1-005.JPG\"\n             data-thumbnail=\"http:\/\/www.chm.photo\/jazz\/wp-content\/gallery\/clermont-2017-1\/thumbs\/thumbs_Concert_1-005.JPG\"\n             data-image-id=\"138\"\n             data-title=\"Concert_1-005\"\n             data-description=\"\"\n             target='_self'\n             class=\"ngg-fancybox\" rel=\"e60bdfaf762caeb2c554381500767148\">\n            <img class=\"ngg-singlepic\"\n             src=\"http:\/\/www.chm.photo\/jazz\/wp-content\/gallery\/clermont-2017-1\/cache\/Concert_1-005.JPG-nggid03138-ngg0dyn-0x0x100-00f0w010c010r110f110r010t010.JPG\"\n             alt=\"Concert_1-005\"\n             title=\"Concert_1-005\"\n                           \/>\n    \t<\/a>\n\t\t      <\/div>\n        \n<p>Irving Acao&nbsp;: saxophone<\/p>\n<p>Bastien Brison&nbsp;: Piano&nbsp;<\/p>\n<p>Lukmil Perez : Batterie&nbsp;<\/p>\n<p>Nicolas Moreaux: Contrebasse<\/p>\n<p>&nbsp;<\/p>\n<p><a href=\"http:\/\/www.chm.photo\/jazz\/festival-chateau-de-clermont-2017-19eme-edition\/\"><strong>Retour \u00e0 la page du Festival<\/strong><\/a><\/p>\n<p><a href=\"http:\/\/www.chm.photo\/jazz\">R<strong>etour au d\u00e9but du site jazz.chm.photo<\/strong><\/a><\/p>\n","protected":false},"excerpt":{"rendered":"<p>Bastien BRISON Trio&nbsp;avec comme invit\u00e8 Irving ACAO Originaire de Roanne, Bastien Brison,&nbsp;jeune pianiste bourr\u00e9 de talent a d\u00e9barqu\u00e9 \u00e0 Lyon en 2009 o\u00f9 il s\u2019est vite impos\u00e9 sur les sc\u00e8nes des clubs de jazz du centre-ville et des festivals de la r\u00e9gion. &#8220;Toujours dans la r\u00e9flexion, mais avant tout dans le ressenti, Bastien Brison fait [&hellip;]<\/p>\n","protected":false},"author":2,"featured_media":0,"parent":326,"menu_order":10,"comment_status":"closed","ping_status":"closed","template":"","meta":{"ngg_post_thumbnail":0},"_links":{"self":[{"href":"http:\/\/www.chm.photo\/jazz\/wp-json\/wp\/v2\/pages\/522"}],"collection":[{"href":"http:\/\/www.chm.photo\/jazz\/wp-json\/wp\/v2\/pages"}],"about":[{"href":"http:\/\/www.chm.photo\/jazz\/wp-json\/wp\/v2\/types\/page"}],"author":[{"embeddable":true,"href":"http:\/\/www.chm.photo\/jazz\/wp-json\/wp\/v2\/users\/2"}],"replies":[{"embeddable":true,"href":"http:\/\/www.chm.photo\/jazz\/wp-json\/wp\/v2\/comments?post=522"}],"version-history":[{"count":2,"href":"http:\/\/www.chm.photo\/jazz\/wp-json\/wp\/v2\/pages\/522\/revisions"}],"predecessor-version":[{"id":528,"href":"http:\/\/www.chm.photo\/jazz\/wp-json\/wp\/v2\/pages\/522\/revisions\/528"}],"up":[{"embeddable":true,"href":"http:\/\/www.chm.photo\/jazz\/wp-json\/wp\/v2\/pages\/326"}],"wp:attachment":[{"href":"http:\/\/www.chm.photo\/jazz\/wp-json\/wp\/v2\/media?parent=522"}],"curies":[{"name":"wp","href":"https:\/\/api.w.org\/{rel}","templated":true}]}}