{"id":841,"date":"2018-04-06T14:55:31","date_gmt":"2018-04-06T12:55:31","guid":{"rendered":"http:\/\/www.chm.photo\/jazz\/?page_id=841"},"modified":"2018-04-06T14:57:33","modified_gmt":"2018-04-06T12:57:33","slug":"tom-harrison-fabrice-tarel-quartet","status":"publish","type":"page","link":"http:\/\/www.chm.photo\/jazz\/le-festival-lac-in-blue-dannecy-edition-2018\/tom-harrison-fabrice-tarel-quartet\/","title":{"rendered":"Tom Harrison &#038; Fabrice Tarel Quartet"},"content":{"rendered":"<p><strong>Tom Harrison &amp; Fabrice Tarel Quartet<\/strong><\/p>\n<p>Fabrice Tarel : piano<br \/>\nThomas Harrison : saxophone<br \/>\nMichel Molines : contrebasse<br \/>\nAndy Barron : batterie<\/p>\n<p>Cette collaboration entre Thomas Harrison et Fabrice Tarel, signe les retrouvailles, 10 ans apr\u00e8s leurs \u00e9tudes au Leeds College of Music. Ces deux musiciens nous proposent des compositions, alliant la sensibilit\u00e9 du jazz europ\u00e9en mais \u00e9galement l\u2019\u00e9nergie et le swing des formations am\u00e9ricaines. Tom Harrison est un saxophoniste reconnu de la sc\u00e8ne anglaise qui a travaill\u00e9 avec de nombreuses personnalit\u00e9s du jazz.<\/p>\n            \n\t\t<div class=\"ngg-gallery-singlepic-image \" style=\"\">\n\t\t\t    \t<a href=\"http:\/\/www.chm.photo\/jazz\/wp-content\/gallery\/jca-18-04-04\/JCA-18-04-04-01.jpg\"\n\t\t     title=\"\"\n             data-src=\"http:\/\/www.chm.photo\/jazz\/wp-content\/gallery\/jca-18-04-04\/JCA-18-04-04-01.jpg\"\n             data-thumbnail=\"http:\/\/www.chm.photo\/jazz\/wp-content\/gallery\/jca-18-04-04\/thumbs\/thumbs_JCA-18-04-04-01.jpg\"\n             data-image-id=\"208\"\n             data-title=\"JCA-18-04-04-01\"\n             data-description=\"\"\n             target='_self'\n             class=\"ngg-fancybox\" rel=\"1e38fc90dd243f4eefe35c3baf8ad0af\">\n            <img class=\"ngg-singlepic\"\n             src=\"http:\/\/www.chm.photo\/jazz\/wp-content\/gallery\/jca-18-04-04\/cache\/JCA-18-04-04-01.jpg-nggid03208-ngg0dyn-0x0x100-00f0w010c010r110f110r010t010.jpg\"\n             alt=\"JCA-18-04-04-01\"\n             title=\"JCA-18-04-04-01\"\n                           \/>\n    \t<\/a>\n\t\t      <\/div>\n        \n            \n\t\t<div class=\"ngg-gallery-singlepic-image \" style=\"\">\n\t\t\t    \t<a href=\"http:\/\/www.chm.photo\/jazz\/wp-content\/gallery\/jca-18-04-04\/JCA-18-04-04-02.jpg\"\n\t\t     title=\"\"\n             data-src=\"http:\/\/www.chm.photo\/jazz\/wp-content\/gallery\/jca-18-04-04\/JCA-18-04-04-02.jpg\"\n             data-thumbnail=\"http:\/\/www.chm.photo\/jazz\/wp-content\/gallery\/jca-18-04-04\/thumbs\/thumbs_JCA-18-04-04-02.jpg\"\n             data-image-id=\"209\"\n             data-title=\"JCA-18-04-04-02\"\n             data-description=\"\"\n             target='_self'\n             class=\"ngg-fancybox\" rel=\"15957a2aab71c59064900dccb43631ce\">\n            <img class=\"ngg-singlepic\"\n             src=\"http:\/\/www.chm.photo\/jazz\/wp-content\/gallery\/jca-18-04-04\/cache\/JCA-18-04-04-02.jpg-nggid03209-ngg0dyn-0x0x100-00f0w010c010r110f110r010t010.jpg\"\n             alt=\"JCA-18-04-04-02\"\n             title=\"JCA-18-04-04-02\"\n                           \/>\n    \t<\/a>\n\t\t      <\/div>\n        \n            \n\t\t<div class=\"ngg-gallery-singlepic-image \" style=\"\">\n\t\t\t    \t<a href=\"http:\/\/www.chm.photo\/jazz\/wp-content\/gallery\/jca-18-04-04\/JCA-18-04-04-03.jpg\"\n\t\t     title=\"\"\n             data-src=\"http:\/\/www.chm.photo\/jazz\/wp-content\/gallery\/jca-18-04-04\/JCA-18-04-04-03.jpg\"\n             data-thumbnail=\"http:\/\/www.chm.photo\/jazz\/wp-content\/gallery\/jca-18-04-04\/thumbs\/thumbs_JCA-18-04-04-03.jpg\"\n             data-image-id=\"210\"\n             data-title=\"JCA-18-04-04-03\"\n             data-description=\"\"\n             target='_self'\n             class=\"ngg-fancybox\" rel=\"bb29aef67d65928067108546a1ee35dc\">\n            <img class=\"ngg-singlepic\"\n             src=\"http:\/\/www.chm.photo\/jazz\/wp-content\/gallery\/jca-18-04-04\/cache\/JCA-18-04-04-03.jpg-nggid03210-ngg0dyn-0x0x100-00f0w010c010r110f110r010t010.jpg\"\n             alt=\"JCA-18-04-04-03\"\n             title=\"JCA-18-04-04-03\"\n                           \/>\n    \t<\/a>\n\t\t      <\/div>\n        \n            \n\t\t<div class=\"ngg-gallery-singlepic-image \" style=\"\">\n\t\t\t    \t<a href=\"http:\/\/www.chm.photo\/jazz\/wp-content\/gallery\/jca-18-04-04\/JCA-18-04-04-04.jpg\"\n\t\t     title=\"\"\n             data-src=\"http:\/\/www.chm.photo\/jazz\/wp-content\/gallery\/jca-18-04-04\/JCA-18-04-04-04.jpg\"\n             data-thumbnail=\"http:\/\/www.chm.photo\/jazz\/wp-content\/gallery\/jca-18-04-04\/thumbs\/thumbs_JCA-18-04-04-04.jpg\"\n             data-image-id=\"211\"\n             data-title=\"JCA-18-04-04-04\"\n             data-description=\"\"\n             target='_self'\n             class=\"ngg-fancybox\" rel=\"2c058310585aacd5340a9cf5cb6cfa87\">\n            <img class=\"ngg-singlepic\"\n             src=\"http:\/\/www.chm.photo\/jazz\/wp-content\/gallery\/jca-18-04-04\/cache\/JCA-18-04-04-04.jpg-nggid03211-ngg0dyn-0x0x100-00f0w010c010r110f110r010t010.jpg\"\n             alt=\"JCA-18-04-04-04\"\n             title=\"JCA-18-04-04-04\"\n                           \/>\n    \t<\/a>\n\t\t      <\/div>\n        \n            \n\t\t<div class=\"ngg-gallery-singlepic-image \" style=\"\">\n\t\t\t    \t<a href=\"http:\/\/www.chm.photo\/jazz\/wp-content\/gallery\/jca-18-04-04\/JCA-18-04-04-05.jpg\"\n\t\t     title=\"\"\n             data-src=\"http:\/\/www.chm.photo\/jazz\/wp-content\/gallery\/jca-18-04-04\/JCA-18-04-04-05.jpg\"\n             data-thumbnail=\"http:\/\/www.chm.photo\/jazz\/wp-content\/gallery\/jca-18-04-04\/thumbs\/thumbs_JCA-18-04-04-05.jpg\"\n             data-image-id=\"212\"\n             data-title=\"JCA-18-04-04-05\"\n             data-description=\"\"\n             target='_self'\n             class=\"ngg-fancybox\" rel=\"11fd36229d0e5d5c2b08294f1400dd80\">\n            <img class=\"ngg-singlepic\"\n             src=\"http:\/\/www.chm.photo\/jazz\/wp-content\/gallery\/jca-18-04-04\/cache\/JCA-18-04-04-05.jpg-nggid03212-ngg0dyn-0x0x100-00f0w010c010r110f110r010t010.jpg\"\n             alt=\"JCA-18-04-04-05\"\n             title=\"JCA-18-04-04-05\"\n                           \/>\n    \t<\/a>\n\t\t      <\/div>\n        \n            \n\t\t<div class=\"ngg-gallery-singlepic-image \" style=\"\">\n\t\t\t    \t<a href=\"http:\/\/www.chm.photo\/jazz\/wp-content\/gallery\/jca-18-04-04\/JCA-18-04-04-06.jpg\"\n\t\t     title=\"\"\n             data-src=\"http:\/\/www.chm.photo\/jazz\/wp-content\/gallery\/jca-18-04-04\/JCA-18-04-04-06.jpg\"\n             data-thumbnail=\"http:\/\/www.chm.photo\/jazz\/wp-content\/gallery\/jca-18-04-04\/thumbs\/thumbs_JCA-18-04-04-06.jpg\"\n             data-image-id=\"213\"\n             data-title=\"JCA-18-04-04-06\"\n             data-description=\"\"\n             target='_self'\n             class=\"ngg-fancybox\" rel=\"1972b27d325da5dcb13a9312fd42e6fb\">\n            <img class=\"ngg-singlepic\"\n             src=\"http:\/\/www.chm.photo\/jazz\/wp-content\/gallery\/jca-18-04-04\/cache\/JCA-18-04-04-06.jpg-nggid03213-ngg0dyn-0x0x100-00f0w010c010r110f110r010t010.jpg\"\n             alt=\"JCA-18-04-04-06\"\n             title=\"JCA-18-04-04-06\"\n                           \/>\n    \t<\/a>\n\t\t      <\/div>\n        \n            \n\t\t<div class=\"ngg-gallery-singlepic-image \" style=\"\">\n\t\t\t    \t<a href=\"http:\/\/www.chm.photo\/jazz\/wp-content\/gallery\/jca-18-04-04\/JCA-18-04-04-07.jpg\"\n\t\t     title=\"\"\n             data-src=\"http:\/\/www.chm.photo\/jazz\/wp-content\/gallery\/jca-18-04-04\/JCA-18-04-04-07.jpg\"\n             data-thumbnail=\"http:\/\/www.chm.photo\/jazz\/wp-content\/gallery\/jca-18-04-04\/thumbs\/thumbs_JCA-18-04-04-07.jpg\"\n             data-image-id=\"214\"\n             data-title=\"JCA-18-04-04-07\"\n             data-description=\"\"\n             target='_self'\n             class=\"ngg-fancybox\" rel=\"ad021883bf9462a606f6a19e1d78509a\">\n            <img class=\"ngg-singlepic\"\n             src=\"http:\/\/www.chm.photo\/jazz\/wp-content\/gallery\/jca-18-04-04\/cache\/JCA-18-04-04-07.jpg-nggid03214-ngg0dyn-0x0x100-00f0w010c010r110f110r010t010.jpg\"\n             alt=\"JCA-18-04-04-07\"\n             title=\"JCA-18-04-04-07\"\n                           \/>\n    \t<\/a>\n\t\t      <\/div>\n        \n<p><a href=\"http:\/\/www.chm.photo\/jazz\/le-festival-lac-in-blue-dannecy-edition-2018\/\"><strong>Retour \u00e0 la page Lac In Blue 2018<\/strong><\/a><\/p>\n<p><a href=\"http:\/\/www.chm.photo\/jazz\"><strong>Retour \u00e0 l&#8217;accueil de jazz.chm.photo<\/strong><\/a><\/p>\n","protected":false},"excerpt":{"rendered":"<p>Tom Harrison &amp; Fabrice Tarel Quartet Fabrice Tarel : piano Thomas Harrison : saxophone Michel Molines : contrebasse Andy Barron : batterie Cette collaboration entre Thomas Harrison et Fabrice Tarel, signe les retrouvailles, 10 ans apr\u00e8s leurs \u00e9tudes au Leeds College of Music. Ces deux musiciens nous proposent des compositions, alliant la sensibilit\u00e9 du jazz [&hellip;]<\/p>\n","protected":false},"author":1,"featured_media":0,"parent":765,"menu_order":20,"comment_status":"closed","ping_status":"closed","template":"","meta":{"ngg_post_thumbnail":0},"_links":{"self":[{"href":"http:\/\/www.chm.photo\/jazz\/wp-json\/wp\/v2\/pages\/841"}],"collection":[{"href":"http:\/\/www.chm.photo\/jazz\/wp-json\/wp\/v2\/pages"}],"about":[{"href":"http:\/\/www.chm.photo\/jazz\/wp-json\/wp\/v2\/types\/page"}],"author":[{"embeddable":true,"href":"http:\/\/www.chm.photo\/jazz\/wp-json\/wp\/v2\/users\/1"}],"replies":[{"embeddable":true,"href":"http:\/\/www.chm.photo\/jazz\/wp-json\/wp\/v2\/comments?post=841"}],"version-history":[{"count":3,"href":"http:\/\/www.chm.photo\/jazz\/wp-json\/wp\/v2\/pages\/841\/revisions"}],"predecessor-version":[{"id":845,"href":"http:\/\/www.chm.photo\/jazz\/wp-json\/wp\/v2\/pages\/841\/revisions\/845"}],"up":[{"embeddable":true,"href":"http:\/\/www.chm.photo\/jazz\/wp-json\/wp\/v2\/pages\/765"}],"wp:attachment":[{"href":"http:\/\/www.chm.photo\/jazz\/wp-json\/wp\/v2\/media?parent=841"}],"curies":[{"name":"wp","href":"https:\/\/api.w.org\/{rel}","templated":true}]}}